{"id":19680,"date":"2026-02-06T07:28:48","date_gmt":"2026-02-06T06:28:48","guid":{"rendered":"https:\/\/weselenakaraibach.pl\/?page_id=19680"},"modified":"2026-02-07T01:48:13","modified_gmt":"2026-02-07T00:48:13","slug":"serwis","status":"publish","type":"page","link":"https:\/\/weselenakaraibach.pl\/?page_id=19680","title":{"rendered":"SERWIS"},"content":{"rendered":"\n<hr class=\"wp-block-separator has-alpha-channel-opacity\"\/>\n\n\n\n<p><strong>NASZ SERWIS<\/strong><\/p>\n\n\n\n<figure class=\"wp-block-image size-large\"><img fetchpriority=\"high\" decoding=\"async\" width=\"1024\" height=\"683\" src=\"http:\/\/weselenakaraibach.pl\/wp-content\/uploads\/2026\/02\/ChatGPT-Image-Feb-6-2026-at-05_40_48-PM-1024x683.png\" alt=\"Slub na jachcie na Karaibach Slub na Karaibach, \u015alub w Belize, Wesele na prywatnej wyspie, \u015blub na jachcie, rafa koralowa\" class=\"wp-image-19696\" srcset=\"https:\/\/weselenakaraibach.pl\/wp-content\/uploads\/2026\/02\/ChatGPT-Image-Feb-6-2026-at-05_40_48-PM-1024x683.png 1024w, https:\/\/weselenakaraibach.pl\/wp-content\/uploads\/2026\/02\/ChatGPT-Image-Feb-6-2026-at-05_40_48-PM-300x200.png 300w, https:\/\/weselenakaraibach.pl\/wp-content\/uploads\/2026\/02\/ChatGPT-Image-Feb-6-2026-at-05_40_48-PM-768x512.png 768w, https:\/\/weselenakaraibach.pl\/wp-content\/uploads\/2026\/02\/ChatGPT-Image-Feb-6-2026-at-05_40_48-PM-600x400.png 600w, https:\/\/weselenakaraibach.pl\/wp-content\/uploads\/2026\/02\/ChatGPT-Image-Feb-6-2026-at-05_40_48-PM.png 1536w\" sizes=\"(max-width: 1024px) 100vw, 1024px\" \/><\/figure>\n\n\n\n<p><strong>Organizacja \u015blubu za granic\u0105 mo\u017ce wydawa\u0107 si\u0119 skomplikowana, dlatego stworzyli\u015bmy serwis, kt\u00f3ry prowadzi Was przez ca\u0142y proces spokojnie i bez stresu \u2014 od pierwszej rozmowy a\u017c do dnia ceremonii.<\/strong><\/p>\n\n\n\n<p>Cz\u0119\u015b\u0107 naszego zespo\u0142u mieszka na sta\u0142e w Belize, a cz\u0119\u015b\u0107 pracuje w Polsce, w Warszawie. Dzi\u0119ki temu jeste\u015bmy blisko Was zar\u00f3wno na etapie planowania, jak i ju\u017c na miejscu, dbaj\u0105c o ka\u017cdy szczeg\u00f3\u0142 Waszego pobytu i ceremonii.<\/p>\n\n\n\n<p>Ca\u0142y proces mamy sprawdzony w praktyce. Zaczynamy od ustalenia daty \u015blubu, a nast\u0119pnie przekazujemy Wam jasny plan kolejnych krok\u00f3w oraz informacj\u0119, jakie dokumenty b\u0119d\u0105 potrzebne. Formalno\u015bci s\u0105 ograniczone do minimum \u2014 najcz\u0119\u015bciej wystarczy wype\u0142nienie formularza oraz przes\u0142anie kopii paszport\u00f3w.<\/p>\n\n\n\n<p>Pomagamy r\u00f3wnie\u017c w organizacji podr\u00f3\u017cy, doradzaj\u0105c przy wyborze najlepszych po\u0142\u0105cze\u0144 lotniczych. <strong>Ceny bilet\u00f3w zaczynaj\u0105 si\u0119 ju\u017c od oko\u0142o 300 USD <\/strong>za lot w jedn\u0105 stron\u0119 do Canc\u00fan, sk\u0105d mo\u017cemy zorganizowa\u0107 Wasz przejazd do Belize. Alternatywnie mo\u017cliwe s\u0105 r\u00f3wnie\u017c loty z przesiadk\u0105 w USA bezpo\u015brednio do Belize City.<\/p>\n\n\n\n<p>Podczas ca\u0142ej podr\u00f3\u017cy pozostajecie z nami w sta\u0142ym kontakcie telefonicznym 24\/7, dzi\u0119ki czemu zawsze macie wsparcie naszego zespo\u0142u \u2014 niezale\u017cnie od sytuacji.<\/p>\n\n\n\n<p>Dzi\u0119ki do\u015bwiadczeniu oraz bezpo\u015bredniej wsp\u00f3\u0142pracy z Urz\u0119dem Stanu Cywilnego (USC) w Belize wszystkie formalno\u015bci przebiegaj\u0105 sprawnie, a Wy mo\u017cecie skupi\u0107 si\u0119 wy\u0142\u0105cznie na tym, co najwa\u017cniejsze \u2014 prze\u017cywaniu wyj\u0105tkowych chwil w jednym z najpi\u0119kniejszych miejsc na \u015bwiecie.<\/p>\n\n\n\n<p>Gotowy dokument z\u00a0<strong>apostille<\/strong>\u00a0\u2013 czyli po\u015bwiadczon\u0105 urz\u0119dowo kopi\u0119 dokumentu uznan\u0105 mi\u0119dzynarodowo \u2013 kt\u00f3ry nale\u017cy przedstawi\u0107 w urz\u0119dzie stanu cywilnego, wysy\u0142amy bezpo\u015brednio na Wasz adres wraz ze szczeg\u00f3\u0142ow\u0105 instrukcj\u0105 krok po kroku, jak go u\u017cy\u0107. Dokument musi zosta\u0107 przet\u0142umaczony przez t\u0142umacza przysi\u0119g\u0142ego, aby uzyska\u0107 gotowy akt ma\u0142\u017ce\u0144stwa.<\/p>\n\n\n\n<figure class=\"wp-block-gallery has-nested-images columns-default is-cropped wp-block-gallery-2 is-layout-flex wp-block-gallery-is-layout-flex\">\n<figure class=\"wp-block-image\"><img decoding=\"async\" width=\"2560\" height=\"1550\" data-id=\"19700\" src=\"http:\/\/weselenakaraibach.pl\/wp-content\/uploads\/2026\/02\/IMG_0862-copy-2-scaled.jpg\" alt=\"\" class=\"wp-image-19700\" srcset=\"https:\/\/weselenakaraibach.pl\/wp-content\/uploads\/2026\/02\/IMG_0862-copy-2-scaled.jpg 2560w, https:\/\/weselenakaraibach.pl\/wp-content\/uploads\/2026\/02\/IMG_0862-copy-2-300x182.jpg 300w, https:\/\/weselenakaraibach.pl\/wp-content\/uploads\/2026\/02\/IMG_0862-copy-2-1024x620.jpg 1024w, https:\/\/weselenakaraibach.pl\/wp-content\/uploads\/2026\/02\/IMG_0862-copy-2-768x465.jpg 768w, https:\/\/weselenakaraibach.pl\/wp-content\/uploads\/2026\/02\/IMG_0862-copy-2-1536x930.jpg 1536w, https:\/\/weselenakaraibach.pl\/wp-content\/uploads\/2026\/02\/IMG_0862-copy-2-2048x1240.jpg 2048w, https:\/\/weselenakaraibach.pl\/wp-content\/uploads\/2026\/02\/IMG_0862-copy-2-600x363.jpg 600w\" sizes=\"(max-width: 2560px) 100vw, 2560px\" \/><\/figure>\n\n\n\n<figure class=\"wp-block-image\"><img decoding=\"async\" width=\"2560\" height=\"1920\" data-id=\"19701\" src=\"http:\/\/weselenakaraibach.pl\/wp-content\/uploads\/2026\/02\/IMG_0918-copy-scaled.jpg\" alt=\"\" class=\"wp-image-19701\" srcset=\"https:\/\/weselenakaraibach.pl\/wp-content\/uploads\/2026\/02\/IMG_0918-copy-scaled.jpg 2560w, https:\/\/weselenakaraibach.pl\/wp-content\/uploads\/2026\/02\/IMG_0918-copy-300x225.jpg 300w, https:\/\/weselenakaraibach.pl\/wp-content\/uploads\/2026\/02\/IMG_0918-copy-1024x768.jpg 1024w, https:\/\/weselenakaraibach.pl\/wp-content\/uploads\/2026\/02\/IMG_0918-copy-768x576.jpg 768w, https:\/\/weselenakaraibach.pl\/wp-content\/uploads\/2026\/02\/IMG_0918-copy-1536x1152.jpg 1536w, https:\/\/weselenakaraibach.pl\/wp-content\/uploads\/2026\/02\/IMG_0918-copy-2048x1536.jpg 2048w, https:\/\/weselenakaraibach.pl\/wp-content\/uploads\/2026\/02\/IMG_0918-copy-600x450.jpg 600w\" sizes=\"(max-width: 2560px) 100vw, 2560px\" \/><\/figure>\n\n\n\n<figure class=\"wp-block-image\"><img loading=\"lazy\" decoding=\"async\" width=\"2560\" height=\"1636\" data-id=\"19702\" src=\"http:\/\/weselenakaraibach.pl\/wp-content\/uploads\/2026\/02\/IMG_0817-copy-2-scaled.jpg\" alt=\"\" class=\"wp-image-19702\" srcset=\"https:\/\/weselenakaraibach.pl\/wp-content\/uploads\/2026\/02\/IMG_0817-copy-2-scaled.jpg 2560w, https:\/\/weselenakaraibach.pl\/wp-content\/uploads\/2026\/02\/IMG_0817-copy-2-300x192.jpg 300w, https:\/\/weselenakaraibach.pl\/wp-content\/uploads\/2026\/02\/IMG_0817-copy-2-1024x654.jpg 1024w, https:\/\/weselenakaraibach.pl\/wp-content\/uploads\/2026\/02\/IMG_0817-copy-2-768x491.jpg 768w, https:\/\/weselenakaraibach.pl\/wp-content\/uploads\/2026\/02\/IMG_0817-copy-2-1536x981.jpg 1536w, https:\/\/weselenakaraibach.pl\/wp-content\/uploads\/2026\/02\/IMG_0817-copy-2-2048x1308.jpg 2048w, https:\/\/weselenakaraibach.pl\/wp-content\/uploads\/2026\/02\/IMG_0817-copy-2-600x383.jpg 600w\" sizes=\"(max-width: 2560px) 100vw, 2560px\" \/><\/figure>\n\n\n\n<figure class=\"wp-block-image\"><img loading=\"lazy\" decoding=\"async\" width=\"2560\" height=\"1920\" data-id=\"19703\" src=\"http:\/\/weselenakaraibach.pl\/wp-content\/uploads\/2026\/02\/IMG_0878-copy-scaled.jpg\" alt=\"\" class=\"wp-image-19703\" srcset=\"https:\/\/weselenakaraibach.pl\/wp-content\/uploads\/2026\/02\/IMG_0878-copy-scaled.jpg 2560w, https:\/\/weselenakaraibach.pl\/wp-content\/uploads\/2026\/02\/IMG_0878-copy-300x225.jpg 300w, https:\/\/weselenakaraibach.pl\/wp-content\/uploads\/2026\/02\/IMG_0878-copy-1024x768.jpg 1024w, https:\/\/weselenakaraibach.pl\/wp-content\/uploads\/2026\/02\/IMG_0878-copy-768x576.jpg 768w, https:\/\/weselenakaraibach.pl\/wp-content\/uploads\/2026\/02\/IMG_0878-copy-1536x1152.jpg 1536w, https:\/\/weselenakaraibach.pl\/wp-content\/uploads\/2026\/02\/IMG_0878-copy-2048x1536.jpg 2048w, https:\/\/weselenakaraibach.pl\/wp-content\/uploads\/2026\/02\/IMG_0878-copy-600x450.jpg 600w\" sizes=\"(max-width: 2560px) 100vw, 2560px\" \/><\/figure>\n<\/figure>\n\n\n\n<hr class=\"wp-block-separator has-alpha-channel-opacity\"\/>\n","protected":false},"excerpt":{"rendered":"<p>NASZ SERWIS Organizacja \u015blubu za granic\u0105 mo\u017ce wydawa\u0107 si\u0119 skomplikowana, dlatego stworzyli\u015bmy serwis, kt\u00f3ry prowadzi Was przez ca\u0142y proces spokojnie i bez stresu \u2014 od pierwszej rozmowy a\u017c do dnia ceremonii. Cz\u0119\u015b\u0107 naszego zespo\u0142u mieszka na sta\u0142e w Belize, a cz\u0119\u015b\u0107 pracuje w Polsce, w Warszawie. Dzi\u0119ki temu jeste\u015bmy blisko Was zar\u00f3wno na etapie planowania, [&hellip;]<\/p>\n","protected":false},"author":1,"featured_media":0,"parent":0,"menu_order":0,"comment_status":"closed","ping_status":"closed","template":"","meta":{"_monsterinsights_skip_tracking":false,"_monsterinsights_sitenote_active":false,"_monsterinsights_sitenote_note":"","_monsterinsights_sitenote_category":0,"footnotes":""},"class_list":["post-19680","page","type-page","status-publish","hentry"],"aioseo_notices":[],"_links":{"self":[{"href":"https:\/\/weselenakaraibach.pl\/index.php?rest_route=\/wp\/v2\/pages\/19680","targetHints":{"allow":["GET"]}}],"collection":[{"href":"https:\/\/weselenakaraibach.pl\/index.php?rest_route=\/wp\/v2\/pages"}],"about":[{"href":"https:\/\/weselenakaraibach.pl\/index.php?rest_route=\/wp\/v2\/types\/page"}],"author":[{"embeddable":true,"href":"https:\/\/weselenakaraibach.pl\/index.php?rest_route=\/wp\/v2\/users\/1"}],"replies":[{"embeddable":true,"href":"https:\/\/weselenakaraibach.pl\/index.php?rest_route=%2Fwp%2Fv2%2Fcomments&post=19680"}],"version-history":[{"count":5,"href":"https:\/\/weselenakaraibach.pl\/index.php?rest_route=\/wp\/v2\/pages\/19680\/revisions"}],"predecessor-version":[{"id":19707,"href":"https:\/\/weselenakaraibach.pl\/index.php?rest_route=\/wp\/v2\/pages\/19680\/revisions\/19707"}],"wp:attachment":[{"href":"https:\/\/weselenakaraibach.pl\/index.php?rest_route=%2Fwp%2Fv2%2Fmedia&parent=19680"}],"curies":[{"name":"wp","href":"https:\/\/api.w.org\/{rel}","templated":true}]}}