{"id":19673,"date":"2026-02-06T07:03:06","date_gmt":"2026-02-06T06:03:06","guid":{"rendered":"https:\/\/weselenakaraibach.pl\/?page_id=19673"},"modified":"2026-02-07T01:52:13","modified_gmt":"2026-02-07T00:52:13","slug":"loty","status":"publish","type":"page","link":"https:\/\/weselenakaraibach.pl\/?page_id=19673","title":{"rendered":"LOTY"},"content":{"rendered":"\n<p><strong>LOTY<\/strong><\/p>\n\n\n\n<p> Ceny lot\u00f3w od 300 USD w jedn\u0105&nbsp;stron\u0119<\/p>\n\n\n\n<figure class=\"wp-block-gallery has-nested-images columns-default is-cropped wp-block-gallery-2 is-layout-flex wp-block-gallery-is-layout-flex\">\n<figure class=\"wp-block-image size-large\"><img fetchpriority=\"high\" decoding=\"async\" width=\"780\" height=\"438\" data-id=\"19674\" src=\"https:\/\/weselenakaraibach.pl\/wp-content\/uploads\/2026\/02\/intro-1709243419.jpg\" alt=\"loty do belize\" class=\"wp-image-19674\" srcset=\"https:\/\/weselenakaraibach.pl\/wp-content\/uploads\/2026\/02\/intro-1709243419.jpg 780w, https:\/\/weselenakaraibach.pl\/wp-content\/uploads\/2026\/02\/intro-1709243419-300x168.jpg 300w, https:\/\/weselenakaraibach.pl\/wp-content\/uploads\/2026\/02\/intro-1709243419-768x431.jpg 768w, https:\/\/weselenakaraibach.pl\/wp-content\/uploads\/2026\/02\/intro-1709243419-600x337.jpg 600w\" sizes=\"(max-width: 780px) 100vw, 780px\" \/><\/figure>\n<\/figure>\n\n\n\n<hr class=\"wp-block-separator has-alpha-channel-opacity\"\/>\n\n\n\n<p>Loty do Belize. <em><a href=\"https:\/\/archeowyprawy.pl\/belize\/\" title=\"\">Belize<\/a><\/em> to miejsce, do kt\u00f3rego stosunkowo \u0142atwo dolecie\u0107, jednak warto mie\u0107 odpowiednie wskaz\u00f3wki, aby znale\u017a\u0107 loty w optymalnej cenie i z komfortowym przelotem.<\/p>\n\n\n\n<p>Najprostszym sposobem dotarcia do Belize jest lot do <strong>Canc\u00fan<\/strong>, sk\u0105d mo\u017cemy zorganizowa\u0107 przejazd do Belize (opcjonalnie mo\u017cliwy jest r\u00f3wnie\u017c przejazd poci\u0105giem). Alternatywnie mo\u017cna dolecie\u0107 przez USA bezpo\u015brednio do Belize City. Wyszukiwarki lot\u00f3w cz\u0119sto pokazuj\u0105 po\u0142\u0105czenia, kt\u00f3re nie s\u0105 najlepsze pod wzgl\u0119dem czasu podr\u00f3\u017cy lub ceny, dlatego warto skorzysta\u0107 z naszego do\u015bwiadczenia.<\/p>\n\n\n\n<p>Zawsze pomagamy w procesie zakupu bilet\u00f3w i prowadzimy go w taki spos\u00f3b, aby znale\u017a\u0107 mo\u017cliwie najbardziej komfortowe po\u0142\u0105czenia, cz\u0119sto w bardzo rozs\u0105dnych cenach.<\/p>\n\n\n\n<p><strong>Ceny lot\u00f3w zaczynaj\u0105 si\u0119 ju\u017c od oko\u0142o 300 USD za lot w jedn\u0105 stron\u0119.<\/strong><\/p>\n\n\n\n<p>Po wi\u0119cej informacji<a href=\"https:\/\/weselenakaraibach.pl\/?page_id=19442\" title=\"\"> skontaktuj si\u0119 z nami.<\/a><\/p>\n\n\n\n<hr class=\"wp-block-separator has-alpha-channel-opacity\"\/>\n","protected":false},"excerpt":{"rendered":"<p>LOTY Ceny lot\u00f3w od 300 USD w jedn\u0105&nbsp;stron\u0119 Loty do Belize. Belize to miejsce, do kt\u00f3rego stosunkowo \u0142atwo dolecie\u0107, jednak warto mie\u0107 odpowiednie wskaz\u00f3wki, aby znale\u017a\u0107 loty w optymalnej cenie i z komfortowym przelotem. Najprostszym sposobem dotarcia do Belize jest lot do Canc\u00fan, sk\u0105d mo\u017cemy zorganizowa\u0107 przejazd do Belize (opcjonalnie mo\u017cliwy jest r\u00f3wnie\u017c przejazd poci\u0105giem). [&hellip;]<\/p>\n","protected":false},"author":1,"featured_media":0,"parent":0,"menu_order":0,"comment_status":"closed","ping_status":"closed","template":"","meta":{"_monsterinsights_skip_tracking":false,"_monsterinsights_sitenote_active":false,"_monsterinsights_sitenote_note":"","_monsterinsights_sitenote_category":0,"footnotes":""},"class_list":["post-19673","page","type-page","status-publish","hentry"],"aioseo_notices":[],"_links":{"self":[{"href":"https:\/\/weselenakaraibach.pl\/index.php?rest_route=\/wp\/v2\/pages\/19673","targetHints":{"allow":["GET"]}}],"collection":[{"href":"https:\/\/weselenakaraibach.pl\/index.php?rest_route=\/wp\/v2\/pages"}],"about":[{"href":"https:\/\/weselenakaraibach.pl\/index.php?rest_route=\/wp\/v2\/types\/page"}],"author":[{"embeddable":true,"href":"https:\/\/weselenakaraibach.pl\/index.php?rest_route=\/wp\/v2\/users\/1"}],"replies":[{"embeddable":true,"href":"https:\/\/weselenakaraibach.pl\/index.php?rest_route=%2Fwp%2Fv2%2Fcomments&post=19673"}],"version-history":[{"count":4,"href":"https:\/\/weselenakaraibach.pl\/index.php?rest_route=\/wp\/v2\/pages\/19673\/revisions"}],"predecessor-version":[{"id":19708,"href":"https:\/\/weselenakaraibach.pl\/index.php?rest_route=\/wp\/v2\/pages\/19673\/revisions\/19708"}],"wp:attachment":[{"href":"https:\/\/weselenakaraibach.pl\/index.php?rest_route=%2Fwp%2Fv2%2Fmedia&parent=19673"}],"curies":[{"name":"wp","href":"https:\/\/api.w.org\/{rel}","templated":true}]}}