{"id":19658,"date":"2026-02-06T06:46:20","date_gmt":"2026-02-06T05:46:20","guid":{"rendered":"https:\/\/weselenakaraibach.pl\/?page_id=19658"},"modified":"2026-02-06T06:54:01","modified_gmt":"2026-02-06T05:54:01","slug":"belize","status":"publish","type":"page","link":"https:\/\/weselenakaraibach.pl\/?page_id=19658","title":{"rendered":"Belize"},"content":{"rendered":"\n<p><strong>Belize &#8211; klejnot w\u015br\u00f3d Karaib\u00f3w.<\/strong><\/p>\n\n\n\n<figure class=\"wp-block-gallery has-nested-images columns-default is-cropped wp-block-gallery-2 is-layout-flex wp-block-gallery-is-layout-flex\">\n<figure class=\"wp-block-image size-large\"><img fetchpriority=\"high\" decoding=\"async\" width=\"1024\" height=\"512\" data-id=\"19659\" src=\"https:\/\/weselenakaraibach.pl\/wp-content\/uploads\/2026\/02\/us_tm_1603_0318_blog-best-summer-vacation-spots_belize-1024x512.jpg\" alt=\"Slub na jachcie na Karaibach Slub na Karaibach, \u015alub w Belize, Wesele na prywatnej wyspie, \u015blub na jachcie, rafa koralowa\" class=\"wp-image-19659\" srcset=\"https:\/\/weselenakaraibach.pl\/wp-content\/uploads\/2026\/02\/us_tm_1603_0318_blog-best-summer-vacation-spots_belize-1024x512.jpg 1024w, https:\/\/weselenakaraibach.pl\/wp-content\/uploads\/2026\/02\/us_tm_1603_0318_blog-best-summer-vacation-spots_belize-300x150.jpg 300w, https:\/\/weselenakaraibach.pl\/wp-content\/uploads\/2026\/02\/us_tm_1603_0318_blog-best-summer-vacation-spots_belize-768x384.jpg 768w, https:\/\/weselenakaraibach.pl\/wp-content\/uploads\/2026\/02\/us_tm_1603_0318_blog-best-summer-vacation-spots_belize-1536x768.jpg 1536w, https:\/\/weselenakaraibach.pl\/wp-content\/uploads\/2026\/02\/us_tm_1603_0318_blog-best-summer-vacation-spots_belize-2048x1024.jpg 2048w, https:\/\/weselenakaraibach.pl\/wp-content\/uploads\/2026\/02\/us_tm_1603_0318_blog-best-summer-vacation-spots_belize-600x300.jpg 600w\" sizes=\"(max-width: 1024px) 100vw, 1024px\" \/><\/figure>\n\n\n\n<figure class=\"wp-block-image size-large\"><img decoding=\"async\" width=\"1024\" height=\"768\" data-id=\"19660\" src=\"https:\/\/weselenakaraibach.pl\/wp-content\/uploads\/2026\/02\/image-1024x768.jpg\" alt=\"Slub na jachcie na Karaibach Slub na Karaibach, \u015alub w Belize, Wesele na prywatnej wyspie, \u015blub na jachcie, rafa koralowa\" class=\"wp-image-19660\" srcset=\"https:\/\/weselenakaraibach.pl\/wp-content\/uploads\/2026\/02\/image-1024x768.jpg 1024w, https:\/\/weselenakaraibach.pl\/wp-content\/uploads\/2026\/02\/image-300x225.jpg 300w, https:\/\/weselenakaraibach.pl\/wp-content\/uploads\/2026\/02\/image-768x576.jpg 768w, https:\/\/weselenakaraibach.pl\/wp-content\/uploads\/2026\/02\/image-1536x1152.jpg 1536w, https:\/\/weselenakaraibach.pl\/wp-content\/uploads\/2026\/02\/image-600x450.jpg 600w, https:\/\/weselenakaraibach.pl\/wp-content\/uploads\/2026\/02\/image.jpg 2048w\" sizes=\"(max-width: 1024px) 100vw, 1024px\" \/><\/figure>\n\n\n\n<figure class=\"wp-block-image size-large\"><img decoding=\"async\" width=\"1024\" height=\"684\" data-id=\"19661\" src=\"https:\/\/weselenakaraibach.pl\/wp-content\/uploads\/2026\/02\/belize-river-valley-p-belize-river-valley-howler-monkey.jpg-Copy-1170x781.jpg-1024x684.webp\" alt=\"\" class=\"wp-image-19661\" srcset=\"https:\/\/weselenakaraibach.pl\/wp-content\/uploads\/2026\/02\/belize-river-valley-p-belize-river-valley-howler-monkey.jpg-Copy-1170x781.jpg-1024x684.webp 1024w, https:\/\/weselenakaraibach.pl\/wp-content\/uploads\/2026\/02\/belize-river-valley-p-belize-river-valley-howler-monkey.jpg-Copy-1170x781.jpg-300x200.webp 300w, https:\/\/weselenakaraibach.pl\/wp-content\/uploads\/2026\/02\/belize-river-valley-p-belize-river-valley-howler-monkey.jpg-Copy-1170x781.jpg-768x513.webp 768w, https:\/\/weselenakaraibach.pl\/wp-content\/uploads\/2026\/02\/belize-river-valley-p-belize-river-valley-howler-monkey.jpg-Copy-1170x781.jpg-600x401.webp 600w, https:\/\/weselenakaraibach.pl\/wp-content\/uploads\/2026\/02\/belize-river-valley-p-belize-river-valley-howler-monkey.jpg-Copy-1170x781.jpg.webp 1170w\" sizes=\"(max-width: 1024px) 100vw, 1024px\" \/><\/figure>\n\n\n\n<figure class=\"wp-block-image size-large\"><img loading=\"lazy\" decoding=\"async\" width=\"500\" height=\"723\" data-id=\"19664\" src=\"https:\/\/weselenakaraibach.pl\/wp-content\/uploads\/2026\/02\/67eecfb51e02fc34c1f196ee_Hero-Mobile-Belize.webp\" alt=\"\" class=\"wp-image-19664\" srcset=\"https:\/\/weselenakaraibach.pl\/wp-content\/uploads\/2026\/02\/67eecfb51e02fc34c1f196ee_Hero-Mobile-Belize.webp 500w, https:\/\/weselenakaraibach.pl\/wp-content\/uploads\/2026\/02\/67eecfb51e02fc34c1f196ee_Hero-Mobile-Belize-207x300.webp 207w\" sizes=\"(max-width: 500px) 100vw, 500px\" \/><\/figure>\n\n\n\n<figure class=\"wp-block-image size-large\"><img loading=\"lazy\" decoding=\"async\" width=\"1024\" height=\"683\" data-id=\"19665\" src=\"https:\/\/weselenakaraibach.pl\/wp-content\/uploads\/2026\/02\/aerial-bedroom-cayo-espanto-island-PIBELIZE0222-fd00373226fb4960ad40140aef8e2c04-1024x683.jpg\" alt=\"\" class=\"wp-image-19665\" srcset=\"https:\/\/weselenakaraibach.pl\/wp-content\/uploads\/2026\/02\/aerial-bedroom-cayo-espanto-island-PIBELIZE0222-fd00373226fb4960ad40140aef8e2c04-1024x683.jpg 1024w, https:\/\/weselenakaraibach.pl\/wp-content\/uploads\/2026\/02\/aerial-bedroom-cayo-espanto-island-PIBELIZE0222-fd00373226fb4960ad40140aef8e2c04-300x200.jpg 300w, https:\/\/weselenakaraibach.pl\/wp-content\/uploads\/2026\/02\/aerial-bedroom-cayo-espanto-island-PIBELIZE0222-fd00373226fb4960ad40140aef8e2c04-768x512.jpg 768w, https:\/\/weselenakaraibach.pl\/wp-content\/uploads\/2026\/02\/aerial-bedroom-cayo-espanto-island-PIBELIZE0222-fd00373226fb4960ad40140aef8e2c04-600x400.jpg 600w, https:\/\/weselenakaraibach.pl\/wp-content\/uploads\/2026\/02\/aerial-bedroom-cayo-espanto-island-PIBELIZE0222-fd00373226fb4960ad40140aef8e2c04.jpg 1500w\" sizes=\"(max-width: 1024px) 100vw, 1024px\" \/><\/figure>\n\n\n\n<figure class=\"wp-block-image size-large\"><img loading=\"lazy\" decoding=\"async\" width=\"1024\" height=\"768\" data-id=\"19667\" src=\"https:\/\/weselenakaraibach.pl\/wp-content\/uploads\/2026\/02\/alisa-matthews-l2NuLvqYxhU-unsplash.jpg-1024x768.webp\" alt=\"\" class=\"wp-image-19667\" srcset=\"https:\/\/weselenakaraibach.pl\/wp-content\/uploads\/2026\/02\/alisa-matthews-l2NuLvqYxhU-unsplash.jpg-1024x768.webp 1024w, https:\/\/weselenakaraibach.pl\/wp-content\/uploads\/2026\/02\/alisa-matthews-l2NuLvqYxhU-unsplash.jpg-300x225.webp 300w, https:\/\/weselenakaraibach.pl\/wp-content\/uploads\/2026\/02\/alisa-matthews-l2NuLvqYxhU-unsplash.jpg-768x576.webp 768w, https:\/\/weselenakaraibach.pl\/wp-content\/uploads\/2026\/02\/alisa-matthews-l2NuLvqYxhU-unsplash.jpg-1536x1152.webp 1536w, https:\/\/weselenakaraibach.pl\/wp-content\/uploads\/2026\/02\/alisa-matthews-l2NuLvqYxhU-unsplash.jpg-600x450.webp 600w, https:\/\/weselenakaraibach.pl\/wp-content\/uploads\/2026\/02\/alisa-matthews-l2NuLvqYxhU-unsplash.jpg.webp 1600w\" sizes=\"(max-width: 1024px) 100vw, 1024px\" \/><\/figure>\n<\/figure>\n\n\n<h2 class=\"wp-block-post-title\">Belize<\/h2>\n\n\n<p><strong>Belize<\/strong> to niewielki, ale niezwykle <strong>r\u00f3\u017cnorodny kraj<\/strong>, kt\u00f3ry zachwyca naturalnym pi\u0119knem, spokojem i autentyczno\u015bci\u0105. To miejsce, w kt\u00f3rym Karaiby spotykaj\u0105 si\u0119 z d\u017cungl\u0105, a egzotyka \u0142\u0105czy si\u0119 z elegancj\u0105 i poczuciem wolno\u015bci \u2013 idealne t\u0142o dla wyj\u0105tkowej ceremonii \u015blubnej.<\/p>\n\n\n\n<p>Belize to wci\u0105\u017c nieznane i nieograne miejsce, kt\u00f3re s\u0142ynie z <strong>krystalicznie czystych w\u00f3d Morza Karaibskiego<\/strong>, bia\u0142ych pla\u017c, prywatnych wysp oraz najwi\u0119kszej rafy koralowej na p\u00f3\u0142kuli zachodniej. Zachody s\u0142o\u0144ca nad oceanem, szum palm i ciep\u0142y, tropikalny klimat przez ca\u0142y rok tworz\u0105 naturaln\u0105, romantyczn\u0105 scenografi\u0119, kt\u00f3rej nie da si\u0119 odtworzy\u0107 nigdzie indziej.<\/p>\n\n\n\n<p>To tak\u017ce<strong> kraj o niezwyk\u0142ej energii i duchowej g\u0142\u0119bi<\/strong>. Staro\u017cytne <strong>piramidy Maj\u00f3w <\/strong>ukryte w d\u017cungli, \u015bwi\u0119te miejsca, cisza natury i rytm \u017cycia p\u0142yn\u0105cy wolniej ni\u017c w Europie sprawiaj\u0105, \u017ce \u015blub w Belize staje si\u0119 nie tylko ceremoni\u0105, ale prawdziwym prze\u017cyciem. To idealne miejsce dla par, kt\u00f3re szukaj\u0105 czego\u015b wi\u0119cej ni\u017c klasycznego wesela \u2013 autentyczno\u015bci, emocji i intymno\u015bci.<\/p>\n\n\n\n<p>Belize jest krajem angloj\u0119zycznym, opartym na brytyjskim systemie prawnym, co sprawia, \u017ce formalno\u015bci \u015blubne s\u0105 stosunkowo proste i przejrzyste. Jednocze\u015bnie kraj ten oferuje wysoki standard resort\u00f3w, prywatnych willi, katamaran\u00f3w i ekskluzywnych lokalizacji, zachowuj\u0105c przy tym kameralny, nienachalny luksus.<\/p>\n\n\n\n<p>\u015alub w Belize to po\u0142\u0105czenie romantycznej ceremonii, podr\u00f3\u017cy marze\u0144 i niezapomnianego pocz\u0105tku wsp\u00f3lnego \u017cycia. To miejsce dla par, kt\u00f3re chc\u0105 celebrowa\u0107 mi\u0142o\u015b\u0107 w otoczeniu natury, spokoju i prawdziwego pi\u0119kna \u2013 z dala od t\u0142um\u00f3w, schemat\u00f3w i po\u015bpiechu.<\/p>\n\n\n\n<p>Po wi\u0119cej informacji <a href=\"https:\/\/weselenakaraibach.pl\/?page_id=19442\" title=\"\">skontaktuj si\u0119&nbsp;z nami<\/a><\/p>\n\n\n\n<figure class=\"wp-block-embed is-type-video is-provider-youtube wp-block-embed-youtube wp-embed-aspect-16-9 wp-has-aspect-ratio\"><div class=\"wp-block-embed__wrapper\">\n<iframe title=\"BELIZE - Cinematic Drone Video in 4K\" width=\"500\" height=\"281\" src=\"https:\/\/www.youtube.com\/embed\/D8sim9hAYpM?feature=oembed\" frameborder=\"0\" allow=\"accelerometer; autoplay; clipboard-write; encrypted-media; gyroscope; picture-in-picture; web-share\" referrerpolicy=\"strict-origin-when-cross-origin\" allowfullscreen><\/iframe>\n<\/div><\/figure>\n\n\n\n<p><\/p>\n","protected":false},"excerpt":{"rendered":"<p>Belize &#8211; klejnot w\u015br\u00f3d Karaib\u00f3w. Belize to niewielki, ale niezwykle r\u00f3\u017cnorodny kraj, kt\u00f3ry zachwyca naturalnym pi\u0119knem, spokojem i autentyczno\u015bci\u0105. To miejsce, w kt\u00f3rym Karaiby spotykaj\u0105 si\u0119 z d\u017cungl\u0105, a egzotyka \u0142\u0105czy si\u0119 z elegancj\u0105 i poczuciem wolno\u015bci \u2013 idealne t\u0142o dla wyj\u0105tkowej ceremonii \u015blubnej. Belize to wci\u0105\u017c nieznane i nieograne miejsce, kt\u00f3re s\u0142ynie z krystalicznie [&hellip;]<\/p>\n","protected":false},"author":1,"featured_media":0,"parent":0,"menu_order":0,"comment_status":"closed","ping_status":"closed","template":"","meta":{"_monsterinsights_skip_tracking":false,"_monsterinsights_sitenote_active":false,"_monsterinsights_sitenote_note":"","_monsterinsights_sitenote_category":0,"footnotes":""},"class_list":["post-19658","page","type-page","status-publish","hentry"],"aioseo_notices":[],"_links":{"self":[{"href":"https:\/\/weselenakaraibach.pl\/index.php?rest_route=\/wp\/v2\/pages\/19658","targetHints":{"allow":["GET"]}}],"collection":[{"href":"https:\/\/weselenakaraibach.pl\/index.php?rest_route=\/wp\/v2\/pages"}],"about":[{"href":"https:\/\/weselenakaraibach.pl\/index.php?rest_route=\/wp\/v2\/types\/page"}],"author":[{"embeddable":true,"href":"https:\/\/weselenakaraibach.pl\/index.php?rest_route=\/wp\/v2\/users\/1"}],"replies":[{"embeddable":true,"href":"https:\/\/weselenakaraibach.pl\/index.php?rest_route=%2Fwp%2Fv2%2Fcomments&post=19658"}],"version-history":[{"count":3,"href":"https:\/\/weselenakaraibach.pl\/index.php?rest_route=\/wp\/v2\/pages\/19658\/revisions"}],"predecessor-version":[{"id":19672,"href":"https:\/\/weselenakaraibach.pl\/index.php?rest_route=\/wp\/v2\/pages\/19658\/revisions\/19672"}],"wp:attachment":[{"href":"https:\/\/weselenakaraibach.pl\/index.php?rest_route=%2Fwp%2Fv2%2Fmedia&parent=19658"}],"curies":[{"name":"wp","href":"https:\/\/api.w.org\/{rel}","templated":true}]}}