{"id":19650,"date":"2026-02-06T03:38:20","date_gmt":"2026-02-06T02:38:20","guid":{"rendered":"https:\/\/weselenakaraibach.pl\/?page_id=19650"},"modified":"2026-02-06T03:39:18","modified_gmt":"2026-02-06T02:39:18","slug":"slub-na-jachcie","status":"publish","type":"page","link":"https:\/\/weselenakaraibach.pl\/?page_id=19650","title":{"rendered":"Slub Na Jachcie"},"content":{"rendered":"\n<p>Slub na Jachcie na Karaibach<\/p>\n\n\n\n<p class=\"has-tiny-font-size\"><br>OD 8900 USD<\/p>\n\n\n\n<figure class=\"wp-block-image size-large\"><img fetchpriority=\"high\" decoding=\"async\" width=\"1024\" height=\"592\" src=\"http:\/\/weselenakaraibach.pl\/wp-content\/uploads\/2026\/02\/WOLF0961-scaled-1-1024x592.jpeg\" alt=\"Slub na Karaibach, \u015alub w Belize, Wesele na prywatnej wyspie, \u015blub na jachcie, rafa koralowa\" class=\"wp-image-19651\" srcset=\"https:\/\/weselenakaraibach.pl\/wp-content\/uploads\/2026\/02\/WOLF0961-scaled-1-1024x592.jpeg 1024w, https:\/\/weselenakaraibach.pl\/wp-content\/uploads\/2026\/02\/WOLF0961-scaled-1-300x174.jpeg 300w, https:\/\/weselenakaraibach.pl\/wp-content\/uploads\/2026\/02\/WOLF0961-scaled-1-768x444.jpeg 768w, https:\/\/weselenakaraibach.pl\/wp-content\/uploads\/2026\/02\/WOLF0961-scaled-1-1536x889.jpeg 1536w, https:\/\/weselenakaraibach.pl\/wp-content\/uploads\/2026\/02\/WOLF0961-scaled-1-2048x1185.jpeg 2048w, https:\/\/weselenakaraibach.pl\/wp-content\/uploads\/2026\/02\/WOLF0961-scaled-1-600x347.jpeg 600w\" sizes=\"(max-width: 1024px) 100vw, 1024px\" \/><\/figure>\n\n\n\n<p><strong>Luksusowy, trzydniowy \u015blub na eleganckim katamaranie<\/strong>, spokojnie sun\u0105cym po <strong>wodach<\/strong> <strong>Morza Karaibskiego,<\/strong> to marzenie, kt\u00f3re dzi\u015b jest w zasi\u0119gu r\u0119ki. Ceremonia mo\u017ce rozpocz\u0105\u0107 si\u0119 w marinie, a nast\u0119pnie odby\u0107 si\u0119 jako \u201e\u015blub kapita\u0144ski\u201d podczas rejsu, po\u0142\u0105czony ze zwiedzaniem najpi\u0119kniejszych rejon\u00f3w Karaib\u00f3w \u2013 atoli, prywatnych wysp oraz epicentrum najwi\u0119kszej na tej p\u00f3\u0142kuli rafy koralowej. To emocje i do\u015bwiadczenia, kt\u00f3rych nie spos\u00f3b zapomnie\u0107.<\/p>\n\n\n\n<p>Prywatna, elegancka kajuta czeka na Pa\u0144stwa, z mo\u017cliwo\u015bci\u0105 dodania jednej lub dw\u00f3ch kajut dla \u015bwiadk\u00f3w, przyjaci\u00f3\u0142 czy rodzic\u00f3w. W pakiecie dost\u0119pny jest <strong>nielimitowany dost\u0119p do nurkowania <\/strong>z butl\u0105, snorkelingu, SUP-a oraz motor\u00f3wki, <strong>pe\u0142ne wy\u017cywienie na pok\u0142adzie oraz obecno\u015b\u0107 polskiego kapitana.<\/strong> Otoczeni wodami karaibskimi, nierzadko skacz\u0105cymi delfinami, rozgwiazdami i manatami, do\u015bwiadczacie prawdziwego luksusu.<\/p>\n\n\n\n<p>W rozszerzonym pakiecie istnieje mo\u017cliwo\u015b\u0107 przed\u0142u\u017cenia pobytu o dodatkowe dwa dni. \u015alub na katamaranie pozwala skupi\u0107 si\u0119 wy\u0142\u0105cznie na sobie, w najpi\u0119kniejszych mo\u017cliwych warunkach otoczenia i przyrody.&nbsp;<\/p>\n\n\n\n<figure class=\"wp-block-table\"><table class=\"has-fixed-layout\"><tbody><tr><td class=\"has-text-align-center\" data-align=\"center\"><strong>PAKIET PODSTAWOWY<\/strong><\/td><td class=\"has-text-align-center\" data-align=\"center\"><strong>PAKIET ROZSZERZONY<\/strong><\/td><\/tr><tr><td class=\"has-text-align-center\" data-align=\"center\"><strong><mark style=\"background-color:rgba(0, 0, 0, 0);color:#fcb900\" class=\"has-inline-color\">8900 USD<\/mark><\/strong><\/td><td class=\"has-text-align-center\" data-align=\"center\"><strong><mark style=\"background-color:rgba(0, 0, 0, 0);color:#fcb900\" class=\"has-inline-color\">14900 USD<\/mark><\/strong><\/td><\/tr><tr><td class=\"has-text-align-center\" data-align=\"center\"><\/td><td class=\"has-text-align-center\" data-align=\"center\"><\/td><\/tr><tr><td class=\"has-text-align-center\" data-align=\"center\"><strong>CENA ZAWIERA<\/strong><\/td><td class=\"has-text-align-center\" data-align=\"center\"><strong>CENA ZAWIERA<\/strong><\/td><\/tr><tr><td class=\"has-text-align-center\" data-align=\"center\">Organizacja Dokument\u00f3w<\/td><td class=\"has-text-align-center\" data-align=\"center\">Organizacja Dokument\u00f3w<\/td><\/tr><tr><td class=\"has-text-align-center\" data-align=\"center\">Organizacja i Przybycie USC<\/td><td class=\"has-text-align-center\" data-align=\"center\">Organizacja i Przybycie USC<\/td><\/tr><tr><td class=\"has-text-align-center\" data-align=\"center\">All inclusive -wy\u017cywienie, napoje<\/td><td class=\"has-text-align-center\" data-align=\"center\">All inclusive -wy\u017cywienie, napoje<\/td><\/tr><tr><td class=\"has-text-align-center\" data-align=\"center\">Asysta Koordynatora<\/td><td class=\"has-text-align-center\" data-align=\"center\">Asysta Koordynatora<\/td><\/tr><tr><td class=\"has-text-align-center\" data-align=\"center\">Polski Kapitan <\/td><td class=\"has-text-align-center\" data-align=\"center\">Polski Kapitan <\/td><\/tr><tr><td class=\"has-text-align-center\" data-align=\"center\">Nurkowanie z butl\u0105, snorkeling <\/td><td class=\"has-text-align-center\" data-align=\"center\">Nurkowanie z butl\u0105, snorkeling <\/td><\/tr><tr><td class=\"has-text-align-center\" data-align=\"center\">Zwiedzanie Prywatnych Wysp<\/td><td class=\"has-text-align-center\" data-align=\"center\">Zwiedzanie Prywatnych Wysp<\/td><\/tr><tr><td class=\"has-text-align-center\" data-align=\"center\">Zwiedzanie Atoli<\/td><td class=\"has-text-align-center\" data-align=\"center\">Zwiedzanie Atoli<\/td><\/tr><tr><td class=\"has-text-align-center\" data-align=\"center\">Sup, motor\u00f3wka do u\u017cycia<\/td><td class=\"has-text-align-center\" data-align=\"center\">Sup, motor\u00f3wka do u\u017cycia<\/td><\/tr><tr><td class=\"has-text-align-center\" data-align=\"center\">Slub Kapitana na Wyspie<\/td><td class=\"has-text-align-center\" data-align=\"center\">Slub Kapitana na Wyspie<\/td><\/tr><tr><td class=\"has-text-align-center\" data-align=\"center\">3 dwuosobowe kajuty do wykorzystania<\/td><td class=\"has-text-align-center\" data-align=\"center\">3 dwuosobowe kajuty do wykorzystania<\/td><\/tr><tr><td class=\"has-text-align-center\" data-align=\"center\"><strong>3 noclegi <\/strong>na Katamaranie<\/td><td class=\"has-text-align-center\" data-align=\"center\"><strong>5 nocleg\u00f3w <\/strong>na Katamaranie<\/td><\/tr><tr><td class=\"has-text-align-center\" data-align=\"center\"><\/td><td class=\"has-text-align-center\" data-align=\"center\"><\/td><\/tr><tr><td class=\"has-text-align-center\" data-align=\"center\"><strong>OPCJONALNIE<\/strong><\/td><td class=\"has-text-align-center\" data-align=\"center\"><strong>OPCJONALNIE<\/strong><\/td><\/tr><tr><td class=\"has-text-align-center\" data-align=\"center\">Dodatkowe Noclegi<\/td><td class=\"has-text-align-center\" data-align=\"center\"><\/td><\/tr><tr><td class=\"has-text-align-center\" data-align=\"center\">Odbi\u00f3r z lotniska Belize\/Cancun<\/td><td class=\"has-text-align-center\" data-align=\"center\">Odbi\u00f3r z lotniska Belize\/Cancun<\/td><\/tr><tr><td class=\"has-text-align-center\" data-align=\"center\">Dodatkowy Nocleg w Hotelu<\/td><td class=\"has-text-align-center\" data-align=\"center\">Dodatkowy Nocleg w Hotelu<\/td><\/tr><\/tbody><\/table><\/figure>\n\n\n\n<p>*Oferta nie uwzgl\u0119dnia bilet\u00f3w lotniczych.<\/p>\n\n\n\n<div class=\"wp-block-buttons is-content-justification-center is-layout-flex wp-container-core-buttons-is-layout-a89b3969 wp-block-buttons-is-layout-flex\">\n<div class=\"wp-block-button\"><a class=\"wp-block-button__link wp-element-button\" href=\"https:\/\/weselenakaraibach.pl\/?page_id=19442\">Zapraszamy Do Kontaktu<\/a><\/div>\n<\/div>\n","protected":false},"excerpt":{"rendered":"<p>Slub na Jachcie na Karaibach OD 8900 USD Luksusowy, trzydniowy \u015blub na eleganckim katamaranie, spokojnie sun\u0105cym po wodach Morza Karaibskiego, to marzenie, kt\u00f3re dzi\u015b jest w zasi\u0119gu r\u0119ki. Ceremonia mo\u017ce rozpocz\u0105\u0107 si\u0119 w marinie, a nast\u0119pnie odby\u0107 si\u0119 jako \u201e\u015blub kapita\u0144ski\u201d podczas rejsu, po\u0142\u0105czony ze zwiedzaniem najpi\u0119kniejszych rejon\u00f3w Karaib\u00f3w \u2013 atoli, prywatnych wysp oraz epicentrum [&hellip;]<\/p>\n","protected":false},"author":1,"featured_media":19651,"parent":0,"menu_order":0,"comment_status":"closed","ping_status":"closed","template":"","meta":{"_monsterinsights_skip_tracking":false,"_monsterinsights_sitenote_active":false,"_monsterinsights_sitenote_note":"","_monsterinsights_sitenote_category":0,"footnotes":""},"class_list":["post-19650","page","type-page","status-publish","has-post-thumbnail","hentry"],"aioseo_notices":[],"_links":{"self":[{"href":"https:\/\/weselenakaraibach.pl\/index.php?rest_route=\/wp\/v2\/pages\/19650","targetHints":{"allow":["GET"]}}],"collection":[{"href":"https:\/\/weselenakaraibach.pl\/index.php?rest_route=\/wp\/v2\/pages"}],"about":[{"href":"https:\/\/weselenakaraibach.pl\/index.php?rest_route=\/wp\/v2\/types\/page"}],"author":[{"embeddable":true,"href":"https:\/\/weselenakaraibach.pl\/index.php?rest_route=\/wp\/v2\/users\/1"}],"replies":[{"embeddable":true,"href":"https:\/\/weselenakaraibach.pl\/index.php?rest_route=%2Fwp%2Fv2%2Fcomments&post=19650"}],"version-history":[{"count":1,"href":"https:\/\/weselenakaraibach.pl\/index.php?rest_route=\/wp\/v2\/pages\/19650\/revisions"}],"predecessor-version":[{"id":19652,"href":"https:\/\/weselenakaraibach.pl\/index.php?rest_route=\/wp\/v2\/pages\/19650\/revisions\/19652"}],"wp:featuredmedia":[{"embeddable":true,"href":"https:\/\/weselenakaraibach.pl\/index.php?rest_route=\/wp\/v2\/media\/19651"}],"wp:attachment":[{"href":"https:\/\/weselenakaraibach.pl\/index.php?rest_route=%2Fwp%2Fv2%2Fmedia&parent=19650"}],"curies":[{"name":"wp","href":"https:\/\/api.w.org\/{rel}","templated":true}]}}