{"id":19644,"date":"2026-02-06T03:02:20","date_gmt":"2026-02-06T02:02:20","guid":{"rendered":"https:\/\/weselenakaraibach.pl\/?page_id=19644"},"modified":"2026-02-06T03:04:05","modified_gmt":"2026-02-06T02:04:05","slug":"slub-przy-piramidach-majow","status":"publish","type":"page","link":"https:\/\/weselenakaraibach.pl\/?page_id=19644","title":{"rendered":"\u015alub Przy Piramidach Maj\u00f3w"},"content":{"rendered":"\n<p>\u015alub Przy Piramidach Maj\u00f3w<\/p>\n\n\n\n<p class=\"has-tiny-font-size\"><br>OD 2950 USD<\/p>\n\n\n\n<figure class=\"wp-block-image size-large\"><img fetchpriority=\"high\" decoding=\"async\" width=\"1024\" height=\"683\" src=\"http:\/\/weselenakaraibach.pl\/wp-content\/uploads\/2026\/02\/Seth_Emma_-_Altun_Ha_Mayan_Ruin_Wedding_PROOF_SELECTION_-92-1024x683.jpg\" alt=\"Slub na karaibach, wesele na jachcie, \u015blub na wyspie, \u015blub za granic\u0105, \u015blub na pla\u017cy, \u015blub na karaibach\" class=\"wp-image-19645\" srcset=\"https:\/\/weselenakaraibach.pl\/wp-content\/uploads\/2026\/02\/Seth_Emma_-_Altun_Ha_Mayan_Ruin_Wedding_PROOF_SELECTION_-92-1024x683.jpg 1024w, https:\/\/weselenakaraibach.pl\/wp-content\/uploads\/2026\/02\/Seth_Emma_-_Altun_Ha_Mayan_Ruin_Wedding_PROOF_SELECTION_-92-300x200.jpg 300w, https:\/\/weselenakaraibach.pl\/wp-content\/uploads\/2026\/02\/Seth_Emma_-_Altun_Ha_Mayan_Ruin_Wedding_PROOF_SELECTION_-92-768x512.jpg 768w, https:\/\/weselenakaraibach.pl\/wp-content\/uploads\/2026\/02\/Seth_Emma_-_Altun_Ha_Mayan_Ruin_Wedding_PROOF_SELECTION_-92-600x400.jpg 600w, https:\/\/weselenakaraibach.pl\/wp-content\/uploads\/2026\/02\/Seth_Emma_-_Altun_Ha_Mayan_Ruin_Wedding_PROOF_SELECTION_-92.jpg 1200w\" sizes=\"(max-width: 1024px) 100vw, 1024px\" \/><\/figure>\n\n\n\n<p><strong>Niesztampowa, pe\u0142na duchowej atmosfery Ceremonia \u015alubu przy <a href=\"https:\/\/pl.wikipedia.org\/wiki\/Ruiny_miast_Maj\u00f3w_w_Belize\" title=\"\">Piramidach Maj\u00f3w<\/a><\/strong> to do\u015bwiadczenie niezapomniane i wyj\u0105tkowe. Piramidy Maj\u00f3w po\u0142o\u017cone <strong>nad Morzem Karaibskim<\/strong> \u0142\u0105cz\u0105 w sobie magi\u0119 \u015blubu przy pla\u017cy z majestatem staro\u017cytnej cywilizacji. Niesamowita atmosfera tego miejsca, kt\u00f3re przed wiekami by\u0142o centrum religijnym i spo\u0142ecznym Maj\u00f3w, sprawia, \u017ce ka\u017cdy moment ceremonii nabiera g\u0142\u0119bi i wyj\u0105tkowego znaczenia.<strong> Cisza, d\u017cungla oraz widok na piramidy i Morze Karaibskie<\/strong> tworz\u0105 niepowtarzaln\u0105 aur\u0119, kt\u00f3ra pozostaje w pami\u0119ci na zawsze i nadaje temu dniu szczeg\u00f3lny charakter.<\/p>\n\n\n\n<p>W dodatkowym pakiecie proponujemy noclegi w apartamencie z basenem w resorcie po\u0142o\u017conym nieopodal, nad Morzem Karaibskim i otoczonym d\u017cungl\u0105, a tak\u017ce wycieczk\u0119 safari rzek\u0105, kt\u00f3ra ko\u0144czy si\u0119 zwiedzaniem jednej z najbardziej atrakcyjnych piramid Maj\u00f3w w Belize \u2013 Lamanai.<\/p>\n\n\n\n<figure class=\"wp-block-table\"><table class=\"has-fixed-layout\"><tbody><tr><td class=\"has-text-align-center\" data-align=\"center\"><strong>PAKIET PODSTAWOWY<\/strong><\/td><td class=\"has-text-align-center\" data-align=\"center\"><strong>PAKIET ROZSZERZONY<\/strong><\/td><td class=\"has-text-align-center\" data-align=\"center\"><strong>PAKIET GOLD<\/strong><\/td><\/tr><tr><td class=\"has-text-align-center\" data-align=\"center\"><strong><mark style=\"background-color:rgba(0, 0, 0, 0);color:#fcb900\" class=\"has-inline-color\">2950 USD<\/mark><\/strong><\/td><td class=\"has-text-align-center\" data-align=\"center\"><strong><mark style=\"background-color:rgba(0, 0, 0, 0);color:#fcb900\" class=\"has-inline-color\">5500 USD<\/mark><\/strong><\/td><td class=\"has-text-align-center\" data-align=\"center\"><strong><mark style=\"background-color:rgba(0, 0, 0, 0);color:#fcb900\" class=\"has-inline-color\">6250 USD<\/mark><\/strong><\/td><\/tr><tr><td class=\"has-text-align-center\" data-align=\"center\">C<\/td><td class=\"has-text-align-center\" data-align=\"center\"><\/td><td class=\"has-text-align-center\" data-align=\"center\"><\/td><\/tr><tr><td class=\"has-text-align-center\" data-align=\"center\"><strong>CENA ZAWIERA<\/strong><\/td><td class=\"has-text-align-center\" data-align=\"center\"><strong>CENA ZAWIERA<\/strong><\/td><td class=\"has-text-align-center\" data-align=\"center\"><strong>CENA ZAWIERA<\/strong><\/td><\/tr><tr><td class=\"has-text-align-center\" data-align=\"center\">Organizacja Dokument\u00f3w<\/td><td class=\"has-text-align-center\" data-align=\"center\">Organizacja Dokument\u00f3w<\/td><td class=\"has-text-align-center\" data-align=\"center\">Organizacja Dokument\u00f3w<\/td><\/tr><tr><td class=\"has-text-align-center\" data-align=\"center\">Transport Do Piramid<\/td><td class=\"has-text-align-center\" data-align=\"center\">Transport Do Piramid<\/td><td class=\"has-text-align-center\" data-align=\"center\">Transport Do Piramid<\/td><\/tr><tr><td class=\"has-text-align-center\" data-align=\"center\">Organizacja i Przybycie USC<\/td><td class=\"has-text-align-center\" data-align=\"center\">Organizacja i Przybycie USC<\/td><td class=\"has-text-align-center\" data-align=\"center\">Organizacja i Przybycie USC<\/td><\/tr><tr><td class=\"has-text-align-center\" data-align=\"center\">Szampan\/Wino musuj\u0105ce<\/td><td class=\"has-text-align-center\" data-align=\"center\">Szampan\/Wino musuj\u0105ce<\/td><td class=\"has-text-align-center\" data-align=\"center\">Szampan\/Wino musuj\u0105ce<\/td><\/tr><tr><td class=\"has-text-align-center\" data-align=\"center\">Muzyka z CD<\/td><td class=\"has-text-align-center\" data-align=\"center\">Muzyka z CD<\/td><td class=\"has-text-align-center\" data-align=\"center\">Muzyka z CD<\/td><\/tr><tr><td class=\"has-text-align-center\" data-align=\"center\">Asysta Koordynatora<\/td><td class=\"has-text-align-center\" data-align=\"center\">Asysta Koordynatora<\/td><td class=\"has-text-align-center\" data-align=\"center\">Asysta Koordynatora<\/td><\/tr><tr><td class=\"has-text-align-center\" data-align=\"center\"><\/td><td class=\"has-text-align-center\" data-align=\"center\">Kolacja dla dwojga<\/td><td class=\"has-text-align-center\" data-align=\"center\">Kolacja dla dwojga<\/td><\/tr><tr><td class=\"has-text-align-center\" data-align=\"center\"><\/td><td class=\"has-text-align-center\" data-align=\"center\">Apartament z Basenem nad Morzem Karaibskim 3 noclegi<\/td><td class=\"has-text-align-center\" data-align=\"center\">Apartament z Basenem nad Morzem Karaibskim 3 noclegi<\/td><\/tr><tr><td class=\"has-text-align-center\" data-align=\"center\"><\/td><td class=\"has-text-align-center\" data-align=\"center\"><\/td><td class=\"has-text-align-center\" data-align=\"center\">Po\u0142\u0105czone z safari ze zwiedzaniem Lamanai -najpi\u0119kniejszych Piramid Maj\u00f3w<\/td><\/tr><tr><td class=\"has-text-align-center\" data-align=\"center\"><\/td><td class=\"has-text-align-center\" data-align=\"center\"><\/td><td class=\"has-text-align-center\" data-align=\"center\"><\/td><\/tr><tr><td class=\"has-text-align-center\" data-align=\"center\"><strong>OPCJONALNIE<\/strong><\/td><td class=\"has-text-align-center\" data-align=\"center\"><strong>OPCJONALNIE<\/strong><\/td><td class=\"has-text-align-center\" data-align=\"center\"><strong>OPCJONALNIE<\/strong><\/td><\/tr><tr><td class=\"has-text-align-center\" data-align=\"center\">Fotograf<\/td><td class=\"has-text-align-center\" data-align=\"center\">Fotograf<\/td><td class=\"has-text-align-center\" data-align=\"center\">Fotograf<\/td><\/tr><tr><td class=\"has-text-align-center\" data-align=\"center\">Video <\/td><td class=\"has-text-align-center\" data-align=\"center\">Video <\/td><td class=\"has-text-align-center\" data-align=\"center\">Video <\/td><\/tr><tr><td class=\"has-text-align-center\" data-align=\"center\">Odbi\u00f3r z Lotniska Belize\/Cancun<\/td><td class=\"has-text-align-center\" data-align=\"center\">Odbi\u00f3r z Lotniska Belize\/Cancun<\/td><td class=\"has-text-align-center\" data-align=\"center\">Odbi\u00f3r z Lotniska Belize\/Cancun<\/td><\/tr><tr><td class=\"has-text-align-center\" data-align=\"center\">Kolacja<\/td><td class=\"has-text-align-center\" data-align=\"center\"><\/td><td class=\"has-text-align-center\" data-align=\"center\"><\/td><\/tr><tr><td class=\"has-text-align-center\" data-align=\"center\">Noclegi<\/td><td class=\"has-text-align-center\" data-align=\"center\">Dodatkowe Noclegi<\/td><td class=\"has-text-align-center\" data-align=\"center\">Dodatkowe Noclegi<\/td><\/tr><tr><td class=\"has-text-align-center\" data-align=\"center\">Zwiedzanie Pirmamid (Lamanai) + Safari<\/td><td class=\"has-text-align-center\" data-align=\"center\">Zwiedzanie Piramid (Lamanai) + Safari<\/td><td class=\"has-text-align-center\" data-align=\"center\"><\/td><\/tr><\/tbody><\/table><\/figure>\n\n\n\n<p>*Oferta nie uwzgl\u0119dnia bilet\u00f3w lotniczych.<\/p>\n\n\n\n<div class=\"wp-block-buttons is-content-justification-center is-layout-flex wp-container-core-buttons-is-layout-a89b3969 wp-block-buttons-is-layout-flex\">\n<div class=\"wp-block-button\"><a class=\"wp-block-button__link has-text-align-center wp-element-button\" href=\"https:\/\/weselenakaraibach.pl\/?page_id=19442\"><strong>Zapraszamy Do Kontaktu<\/strong><\/a><\/div>\n<\/div>\n","protected":false},"excerpt":{"rendered":"<p>\u015alub Przy Piramidach Maj\u00f3w OD 2950 USD Niesztampowa, pe\u0142na duchowej atmosfery Ceremonia \u015alubu przy Piramidach Maj\u00f3w to do\u015bwiadczenie niezapomniane i wyj\u0105tkowe. Piramidy Maj\u00f3w po\u0142o\u017cone nad Morzem Karaibskim \u0142\u0105cz\u0105 w sobie magi\u0119 \u015blubu przy pla\u017cy z majestatem staro\u017cytnej cywilizacji. Niesamowita atmosfera tego miejsca, kt\u00f3re przed wiekami by\u0142o centrum religijnym i spo\u0142ecznym Maj\u00f3w, sprawia, \u017ce ka\u017cdy moment [&hellip;]<\/p>\n","protected":false},"author":1,"featured_media":19645,"parent":0,"menu_order":0,"comment_status":"closed","ping_status":"closed","template":"","meta":{"_monsterinsights_skip_tracking":false,"_monsterinsights_sitenote_active":false,"_monsterinsights_sitenote_note":"","_monsterinsights_sitenote_category":0,"footnotes":""},"class_list":["post-19644","page","type-page","status-publish","has-post-thumbnail","hentry"],"aioseo_notices":[],"_links":{"self":[{"href":"https:\/\/weselenakaraibach.pl\/index.php?rest_route=\/wp\/v2\/pages\/19644","targetHints":{"allow":["GET"]}}],"collection":[{"href":"https:\/\/weselenakaraibach.pl\/index.php?rest_route=\/wp\/v2\/pages"}],"about":[{"href":"https:\/\/weselenakaraibach.pl\/index.php?rest_route=\/wp\/v2\/types\/page"}],"author":[{"embeddable":true,"href":"https:\/\/weselenakaraibach.pl\/index.php?rest_route=\/wp\/v2\/users\/1"}],"replies":[{"embeddable":true,"href":"https:\/\/weselenakaraibach.pl\/index.php?rest_route=%2Fwp%2Fv2%2Fcomments&post=19644"}],"version-history":[{"count":1,"href":"https:\/\/weselenakaraibach.pl\/index.php?rest_route=\/wp\/v2\/pages\/19644\/revisions"}],"predecessor-version":[{"id":19648,"href":"https:\/\/weselenakaraibach.pl\/index.php?rest_route=\/wp\/v2\/pages\/19644\/revisions\/19648"}],"wp:featuredmedia":[{"embeddable":true,"href":"https:\/\/weselenakaraibach.pl\/index.php?rest_route=\/wp\/v2\/media\/19645"}],"wp:attachment":[{"href":"https:\/\/weselenakaraibach.pl\/index.php?rest_route=%2Fwp%2Fv2%2Fmedia&parent=19644"}],"curies":[{"name":"wp","href":"https:\/\/api.w.org\/{rel}","templated":true}]}}