{"id":19636,"date":"2026-02-05T07:58:30","date_gmt":"2026-02-05T06:58:30","guid":{"rendered":"https:\/\/weselenakaraibach.pl\/?page_id=19636"},"modified":"2026-02-06T02:45:17","modified_gmt":"2026-02-06T01:45:17","slug":"slub-na-prywatnej-wyspie","status":"publish","type":"page","link":"https:\/\/weselenakaraibach.pl\/?page_id=19636","title":{"rendered":"\u015alub Na Prywatnej Wyspie"},"content":{"rendered":"\n<p>\u015alub Na Prywatnej Wyspie<br>OD 5190 USD<\/p>\n\n\n\n<figure class=\"wp-block-image size-large has-custom-border is-style-rounded\"><img fetchpriority=\"high\" decoding=\"async\" width=\"1024\" height=\"685\" src=\"http:\/\/weselenakaraibach.pl\/wp-content\/uploads\/2026\/02\/Untitled-2.001-1024x685.jpeg\" alt=\"Slub na karaibach, wesele na jachcie, \u015blub na wyspie, \u015blub za granic\u0105, \u015blub na pla\u017cy, \u015blub na karaibach\" class=\"wp-image-19639\" style=\"border-top-left-radius:16px;border-top-right-radius:16px;border-bottom-left-radius:16px;border-bottom-right-radius:16px\" srcset=\"https:\/\/weselenakaraibach.pl\/wp-content\/uploads\/2026\/02\/Untitled-2.001-1024x685.jpeg 1024w, https:\/\/weselenakaraibach.pl\/wp-content\/uploads\/2026\/02\/Untitled-2.001-300x201.jpeg 300w, https:\/\/weselenakaraibach.pl\/wp-content\/uploads\/2026\/02\/Untitled-2.001-768x514.jpeg 768w, https:\/\/weselenakaraibach.pl\/wp-content\/uploads\/2026\/02\/Untitled-2.001-1536x1028.jpeg 1536w, https:\/\/weselenakaraibach.pl\/wp-content\/uploads\/2026\/02\/Untitled-2.001-600x401.jpeg 600w, https:\/\/weselenakaraibach.pl\/wp-content\/uploads\/2026\/02\/Untitled-2.001.jpeg 1614w\" sizes=\"(max-width: 1024px) 100vw, 1024px\" \/><\/figure>\n\n\n\n<p>\u015alub na <strong>Prywatnej Wyspie<\/strong> to jedna z najbardziej ekskluzywnych opcji, jakie mo\u017cna sobie wymarzy\u0107. Prywatna wyspa w bajkowej scenerii, otoczona turkusowymi wodami <strong>Morza Karaibskiego<\/strong>, zapewnia niezapomniane prze\u017cycia. Rejs \u0142odzi\u0105 na wysp\u0119, a w pakiecie \u2013 3 noclegi <strong>all-inclusive <\/strong>z kuchni\u0105 przygotowan\u0105 przez jednego z <strong>renomowanych szef\u00f3w kuchni.<\/strong><\/p>\n\n\n\n<p>Dla mi\u0142o\u015bnik\u00f3w owoc\u00f3w morza i ryb to prawdziwa uczta \u2013 wszystko serwowane na wyspie pochodzi prosto z lokalnych w\u00f3d, z najwi\u0119kszej rafy koralowej na p\u00f3\u0142kuli (menu wegetaria\u0144skie, rybne lub dla mi\u0142o\u015bnik\u00f3w stek\u00f3w r\u00f3wnie\u017c dost\u0119pne).<\/p>\n\n\n\n<p>Je\u015bli l\u0105dujecie Pa\u0144stwo w Belize City, przelot do Placencia (sk\u0105d wyruszamy na wysp\u0119) \u2013&nbsp; kameralnym samolotem \u2013 jest darmowy.&nbsp;<\/p>\n\n\n\n<p>Wyspa otoczona jest <strong><a href=\"https:\/\/www.vietnam.vn\/pl\/thu-doc-nhat-vo-nhi-cua-ran-san-ho-belize-lon-thu-hai-the-gioi\">raf\u0105 koralow\u0105<\/a><\/strong>, a nurkowanie, kt\u00f3re jest w cenie pobytu, mo\u017cna wykorzysta\u0107 do woli.<\/p>\n\n\n\n<p>W cenie pakietu jest tak\u017ce fotograf, kt\u00f3ry uwieczni najpi\u0119kniejszy dzie\u0144 w Waszym \u017cyciu w wyj\u0105tkowej scenerii prywatnej wyspy. Do pakietu 3 nocleg\u00f3w na wyspie polecamy doda\u0107 dwa dodatkowe noclegi w eleganckim nadmorskim resorcie w Placencia, aby bez po\u015bpiechu zosta\u0107 odebranym na wysp\u0119 i po \u015blubie komfortowo wr\u00f3ci\u0107 do hotelu.<\/p>\n\n\n\n<p>W opcji dodatkowej mo\u017cecie wynaj\u0105\u0107 ca\u0142\u0105 wysp\u0119 na wy\u0142\u0105czno\u015b\u0107 \u2013 oferuje ona noclegi dla 22 os\u00f3b oraz mo\u017cliwo\u015b\u0107 organizacji DJ-a i innych atrakcji.<\/p>\n\n\n\n<p><strong>\u015alub na prywatnej karaibskiej wyspie to do\u015bwiadczenie absolutnie wyj\u0105tkowe i niezapomniane.<\/strong><\/p>\n\n\n\n<figure class=\"wp-block-table\"><table class=\"has-fixed-layout\"><tbody><tr><td class=\"has-text-align-center\" data-align=\"center\"><strong>PAKIET PODSTAWOWY<\/strong><\/td><td class=\"has-text-align-center\" data-align=\"center\"><strong>PAKIET ROZSZERZONY<\/strong><\/td><td class=\"has-text-align-center\" data-align=\"center\"><strong>PAKIET PREMIUM &#8211; Wyspa Na Wy\u0142\u0105czno\u015b\u0107<\/strong><\/td><\/tr><tr><td class=\"has-text-align-center\" data-align=\"center\"><strong><mark style=\"background-color:rgba(0, 0, 0, 0);color:#fcb900\" class=\"has-inline-color\">10 500 USD<\/mark><\/strong><\/td><td class=\"has-text-align-center\" data-align=\"center\"><strong><mark style=\"background-color:rgba(0, 0, 0, 0);color:#fcb900\" class=\"has-inline-color\">12 500 USD<\/mark><\/strong><\/td><td class=\"has-text-align-center\" data-align=\"center\"><strong><mark style=\"background-color:rgba(0, 0, 0, 0);color:#fcb900\" class=\"has-inline-color\">18 500 USD<\/mark><\/strong><\/td><\/tr><tr><td class=\"has-text-align-center\" data-align=\"center\"><\/td><td class=\"has-text-align-center\" data-align=\"center\"><\/td><td class=\"has-text-align-center\" data-align=\"center\"><\/td><\/tr><tr><td class=\"has-text-align-center\" data-align=\"center\"><strong>CENA ZAWIERA<\/strong><\/td><td class=\"has-text-align-center\" data-align=\"center\"><strong>CENA ZAWIERA<\/strong><\/td><td class=\"has-text-align-center\" data-align=\"center\"><strong>CENA ZAWIERA<\/strong><\/td><\/tr><tr><td class=\"has-text-align-center\" data-align=\"center\">Organizacja Dokument\u00f3w<\/td><td class=\"has-text-align-center\" data-align=\"center\">Organizacja Dokument\u00f3w<\/td><td class=\"has-text-align-center\" data-align=\"center\">Organizacja Dokument\u00f3w<\/td><\/tr><tr><td class=\"has-text-align-center\" data-align=\"center\">Transport Na Wysp\u0119<\/td><td class=\"has-text-align-center\" data-align=\"center\">Transport Na Wysp\u0119<\/td><td class=\"has-text-align-center\" data-align=\"center\">Transport Na Wysp\u0119<\/td><\/tr><tr><td class=\"has-text-align-center\" data-align=\"center\">Organizacja i Przybycie USC<\/td><td class=\"has-text-align-center\" data-align=\"center\">Organizacja i Przybycie USC<\/td><td class=\"has-text-align-center\" data-align=\"center\">Organizacja i Przybycie USC<\/td><\/tr><tr><td class=\"has-text-align-center\" data-align=\"center\">Szampan\/Wino musuj\u0105ce<\/td><td class=\"has-text-align-center\" data-align=\"center\">Szampan\/Wino musuj\u0105ce<\/td><td class=\"has-text-align-center\" data-align=\"center\">Szampan\/Wino musuj\u0105ce<\/td><\/tr><tr><td class=\"has-text-align-center\" data-align=\"center\">Fotograf<\/td><td class=\"has-text-align-center\" data-align=\"center\">Fotograf<\/td><td class=\"has-text-align-center\" data-align=\"center\">Fotograf<\/td><\/tr><tr><td class=\"has-text-align-center\" data-align=\"center\">Transport na wysp\u0119<\/td><td class=\"has-text-align-center\" data-align=\"center\">Transport na wysp\u0119<\/td><td class=\"has-text-align-center\" data-align=\"center\">Transport na wysp\u0119<\/td><\/tr><tr><td class=\"has-text-align-center\" data-align=\"center\">3 noclegi na wyspie<\/td><td class=\"has-text-align-center\" data-align=\"center\">3 noclegi na wyspie<\/td><td class=\"has-text-align-center\" data-align=\"center\">3 noclegi wyspie <strong>na wy\u0142\u0105czno\u015b\u0107<\/strong><\/td><\/tr><tr><td class=\"has-text-align-center\" data-align=\"center\">All-inlcusie (napoje, alk, jedzenie)<\/td><td class=\"has-text-align-center\" data-align=\"center\">All-inlcusie (napoje, alk, jedzenie)<\/td><td class=\"has-text-align-center\" data-align=\"center\"><\/td><\/tr><tr><td class=\"has-text-align-center\" data-align=\"center\">Asysta Koordynatora<\/td><td class=\"has-text-align-center\" data-align=\"center\">Asysta Koordynatora<\/td><td class=\"has-text-align-center\" data-align=\"center\">Asysta Koordynatora<\/td><\/tr><tr><td class=\"has-text-align-center\" data-align=\"center\">Nurkowanie<\/td><td class=\"has-text-align-center\" data-align=\"center\">Nurkowanie<\/td><td class=\"has-text-align-center\" data-align=\"center\">Nurkowanie<\/td><\/tr><tr><td class=\"has-text-align-center\" data-align=\"center\">Przelot z Belize City do lotniska w Placencia<\/td><td class=\"has-text-align-center\" data-align=\"center\">Przelot z Belize City do lotniska w Placencia<\/td><td class=\"has-text-align-center\" data-align=\"center\"><\/td><\/tr><tr><td class=\"has-text-align-center\" data-align=\"center\"><\/td><td class=\"has-text-align-center\" data-align=\"center\"> 2 Noclegi Hotel w Placencia<\/td><td class=\"has-text-align-center\" data-align=\"center\">2 Noclegi Hotel + wy\u017cywienie<\/td><\/tr><tr><td class=\"has-text-align-center\" data-align=\"center\"><\/td><td class=\"has-text-align-center\" data-align=\"center\"><\/td><td class=\"has-text-align-center\" data-align=\"center\">Miejsca Noclegowe Na Wyspie Dla 22 os\u00f3b<\/td><\/tr><tr><td class=\"has-text-align-center\" data-align=\"center\"><\/td><td class=\"has-text-align-center\" data-align=\"center\"><\/td><td class=\"has-text-align-center\" data-align=\"center\">DJ<\/td><\/tr><tr><td class=\"has-text-align-center\" data-align=\"center\"><\/td><td class=\"has-text-align-center\" data-align=\"center\"><\/td><td class=\"has-text-align-center\" data-align=\"center\"><\/td><\/tr><tr><td class=\"has-text-align-center\" data-align=\"center\"><strong>OPCJONALNIE<\/strong><\/td><td class=\"has-text-align-center\" data-align=\"center\"><strong>OPCJONALNIE<\/strong><\/td><td class=\"has-text-align-center\" data-align=\"center\"><strong>OPCJONALNIE<\/strong><\/td><\/tr><tr><td class=\"has-text-align-center\" data-align=\"center\">Odbi\u00f3r z Cancun<\/td><td class=\"has-text-align-center\" data-align=\"center\">Odbi\u00f3r z Cancun<\/td><td class=\"has-text-align-center\" data-align=\"center\">Odbi\u00f3r z Cancun<\/td><\/tr><tr><td class=\"has-text-align-center\" data-align=\"center\">Przed\u0142u\u017cenie pobytu<\/td><td class=\"has-text-align-center\" data-align=\"center\">Przed\u0142u\u017cenie pobytu<\/td><td class=\"has-text-align-center\" data-align=\"center\">Przed\u0142u\u017cenie pobytu<\/td><\/tr><tr><td class=\"has-text-align-center\" data-align=\"center\"><\/td><td class=\"has-text-align-center\" data-align=\"center\"><\/td><td class=\"has-text-align-center\" data-align=\"center\">Wy\u017cywienie Wyspa<\/td><\/tr><\/tbody><\/table><\/figure>\n\n\n\n<p>*Oferta nie uwzgl\u0119dnia bilet\u00f3w lotniczych.<\/p>\n\n\n\n<div class=\"wp-block-buttons is-content-justification-center is-layout-flex wp-container-core-buttons-is-layout-a89b3969 wp-block-buttons-is-layout-flex\">\n<div class=\"wp-block-button\"><a class=\"wp-block-button__link has-text-align-center wp-element-button\" href=\"https:\/\/weselenakaraibach.pl\/?page_id=19442\">Skontaktuj si\u0119 z nami<\/a><\/div>\n<\/div>\n\n\n\n<p><\/p>\n","protected":false},"excerpt":{"rendered":"<p>\u015alub Na Prywatnej WyspieOD 5190 USD \u015alub na Prywatnej Wyspie to jedna z najbardziej ekskluzywnych opcji, jakie mo\u017cna sobie wymarzy\u0107. Prywatna wyspa w bajkowej scenerii, otoczona turkusowymi wodami Morza Karaibskiego, zapewnia niezapomniane prze\u017cycia. Rejs \u0142odzi\u0105 na wysp\u0119, a w pakiecie \u2013 3 noclegi all-inclusive z kuchni\u0105 przygotowan\u0105 przez jednego z renomowanych szef\u00f3w kuchni. Dla mi\u0142o\u015bnik\u00f3w [&hellip;]<\/p>\n","protected":false},"author":1,"featured_media":19639,"parent":0,"menu_order":0,"comment_status":"closed","ping_status":"closed","template":"","meta":{"_monsterinsights_skip_tracking":false,"_monsterinsights_sitenote_active":false,"_monsterinsights_sitenote_note":"","_monsterinsights_sitenote_category":0,"footnotes":""},"class_list":["post-19636","page","type-page","status-publish","has-post-thumbnail","hentry"],"aioseo_notices":[],"_links":{"self":[{"href":"https:\/\/weselenakaraibach.pl\/index.php?rest_route=\/wp\/v2\/pages\/19636","targetHints":{"allow":["GET"]}}],"collection":[{"href":"https:\/\/weselenakaraibach.pl\/index.php?rest_route=\/wp\/v2\/pages"}],"about":[{"href":"https:\/\/weselenakaraibach.pl\/index.php?rest_route=\/wp\/v2\/types\/page"}],"author":[{"embeddable":true,"href":"https:\/\/weselenakaraibach.pl\/index.php?rest_route=\/wp\/v2\/users\/1"}],"replies":[{"embeddable":true,"href":"https:\/\/weselenakaraibach.pl\/index.php?rest_route=%2Fwp%2Fv2%2Fcomments&post=19636"}],"version-history":[{"count":5,"href":"https:\/\/weselenakaraibach.pl\/index.php?rest_route=\/wp\/v2\/pages\/19636\/revisions"}],"predecessor-version":[{"id":19647,"href":"https:\/\/weselenakaraibach.pl\/index.php?rest_route=\/wp\/v2\/pages\/19636\/revisions\/19647"}],"wp:featuredmedia":[{"embeddable":true,"href":"https:\/\/weselenakaraibach.pl\/index.php?rest_route=\/wp\/v2\/media\/19639"}],"wp:attachment":[{"href":"https:\/\/weselenakaraibach.pl\/index.php?rest_route=%2Fwp%2Fv2%2Fmedia&parent=19636"}],"curies":[{"name":"wp","href":"https:\/\/api.w.org\/{rel}","templated":true}]}}