{"id":19597,"date":"2026-02-04T03:26:12","date_gmt":"2026-02-04T02:26:12","guid":{"rendered":"https:\/\/weselenakaraibach.pl\/?page_id=19597"},"modified":"2026-02-05T06:43:07","modified_gmt":"2026-02-05T05:43:07","slug":"slub-na-karaibskiej-plazy","status":"publish","type":"page","link":"https:\/\/weselenakaraibach.pl\/?page_id=19597","title":{"rendered":"SLUB NA KARAIBSKIEJ PLAZY"},"content":{"rendered":"\n<p>\u015aLUB NA KARAIBSKIEJ PLA\u017bY<\/p>\n\n\n\n<p class=\"has-tiny-font-size\">OD 2950 USD<\/p>\n\n\n\n<figure class=\"wp-block-image size-large\"><img fetchpriority=\"high\" decoding=\"async\" width=\"1024\" height=\"439\" src=\"http:\/\/weselenakaraibach.pl\/wp-content\/uploads\/2026\/02\/bmot-plan-your-trip-wedding-something-blue-5fb6953ecd1ce-1500x643-1-1024x439.jpg\" alt=\"Slub na karaibach, wesele na jachcie, \u015blub na wyspie, \u015blub za granic\u0105, \u015blub na pla\u017cy, \u015blub na karaibach\" class=\"wp-image-19598\" srcset=\"https:\/\/weselenakaraibach.pl\/wp-content\/uploads\/2026\/02\/bmot-plan-your-trip-wedding-something-blue-5fb6953ecd1ce-1500x643-1-1024x439.jpg 1024w, https:\/\/weselenakaraibach.pl\/wp-content\/uploads\/2026\/02\/bmot-plan-your-trip-wedding-something-blue-5fb6953ecd1ce-1500x643-1-300x129.jpg 300w, https:\/\/weselenakaraibach.pl\/wp-content\/uploads\/2026\/02\/bmot-plan-your-trip-wedding-something-blue-5fb6953ecd1ce-1500x643-1-768x329.jpg 768w, https:\/\/weselenakaraibach.pl\/wp-content\/uploads\/2026\/02\/bmot-plan-your-trip-wedding-something-blue-5fb6953ecd1ce-1500x643-1-600x257.jpg 600w, https:\/\/weselenakaraibach.pl\/wp-content\/uploads\/2026\/02\/bmot-plan-your-trip-wedding-something-blue-5fb6953ecd1ce-1500x643-1.jpg 1500w\" sizes=\"(max-width: 1024px) 100vw, 1024px\" \/><\/figure>\n\n\n\n<p>\u015alub na <strong>karaibskiej pla\u017cy<\/strong> w <a href=\"https:\/\/turystyka.wp.pl\/belize-prawdziwy-raj-na-ziemi-6043965956080769g\" title=\"\">Belize<\/a> to spe\u0142nienie marze\u0144 wielu par, kt\u00f3re pragn\u0105 powiedzie\u0107 sobie \u201etak\u201d w wyj\u0105tkowej, malowniczej scenerii. <strong>Morze Karaibskie, mi\u0119kki piasek i romantyczna atmosfera <\/strong>sprawiaj\u0105, \u017ce ka\u017cda uroczysto\u015b\u0107 staje si\u0119 niezapomnianym prze\u017cyciem. Przygotowania do \u015blubu cywilnego w takim miejscu wymagaj\u0105 jednak dok\u0142adnego planowania \u2013 od wyboru idealnej lokalizacji, przez za\u0142atwienie wszystkich formalno\u015bci, po dopracowanie najmniejszych detali dnia \u015blubu. Profesjonalna organizacja gwarantuje, \u017ce wszystko przebiegnie sprawnie, a wspomnienia z tego dnia pozostan\u0105 na zawsze w pami\u0119ci. Dla par, kt\u00f3re marz\u0105 o ceremonii na pla\u017cy, oferujemy szeroki wyb\u00f3r opcji, aby \u015blub odby\u0142 si\u0119 <strong>w bajkowej scenerii, przy szumie fal i wyj\u0105tkowych widokach.<\/strong><\/p>\n\n\n\n<p>W naszych pakietach oferujemy <strong>\u015blub na pla\u017cy<\/strong>, zwie\u0144czenie go romantyczn\u0105 kolacj\u0105 dla dwojga w nadmorskim resorcie, a tak\u017ce lokalnymi muzykami kt\u00f3rzy zrobi\u0105 niesamowity, tradycyjny akompaniament muzyczny na \u017cywo.<\/p>\n\n\n\n<p>W dodatkach opcjach proponujemy nocleg w nadmorskim resorcie, dzie\u0144 sp\u0119dzony na prywatnej wyspie oraz nurkowanie w <strong>rafie koralowej morza karaibskiego.<\/strong><\/p>\n\n\n\n<figure class=\"wp-block-table\"><table class=\"has-fixed-layout\"><thead><tr><th class=\"has-text-align-center\" data-align=\"center\">PAKIET PODSTAWOWY<\/th><th class=\"has-text-align-center\" data-align=\"center\">PAKIET ROZSZERZONY<\/th><th class=\"has-text-align-center\" data-align=\"center\">PAKIET GOLD<\/th><\/tr><\/thead><tbody><tr><td class=\"has-text-align-center\" data-align=\"center\"><mark style=\"white-space: normal; background-color: rgb(255, 255, 255); color: rgb(252, 185, 0);\" class=\"has-inline-color\"><strong>2950 USD<\/strong><\/mark><\/td><td class=\"has-text-align-center\" data-align=\"center\"><mark style=\"white-space: normal; background-color: rgb(255, 255, 255); color: rgb(252, 185, 0);\" class=\"has-inline-color\"><strong>4650 USD<\/strong><\/mark><\/td><td class=\"has-text-align-center\" data-align=\"center\"><strong><mark style=\"background-color:rgba(0, 0, 0, 0);color:#fcb900\" class=\"has-inline-color\">5650 USD<\/mark><\/strong><\/td><\/tr><tr><td class=\"has-text-align-center\" data-align=\"center\"><\/td><td class=\"has-text-align-center\" data-align=\"center\"><\/td><td class=\"has-text-align-center\" data-align=\"center\"><\/td><\/tr><tr><td class=\"has-text-align-center\" data-align=\"center\"><strong>CENA ZAWIERA<\/strong><\/td><td class=\"has-text-align-center\" data-align=\"center\"><strong>CENA ZAWIERA<\/strong><\/td><td class=\"has-text-align-center\" data-align=\"center\"><strong>CENA ZAWIERA<\/strong><\/td><\/tr><tr><td class=\"has-text-align-center\" data-align=\"center\">Organizacja Dokument\u00f3w<\/td><td class=\"has-text-align-center\" data-align=\"center\">Organizacja Dokument\u00f3w<\/td><td class=\"has-text-align-center\" data-align=\"center\">Organizacja Dokument\u00f3w<\/td><\/tr><tr><td class=\"has-text-align-center\" data-align=\"center\">Organizacja i Przybycie USC<\/td><td class=\"has-text-align-center\" data-align=\"center\">Organizacja i Przybycie USC<\/td><td class=\"has-text-align-center\" data-align=\"center\">Organizacja i Przybycie USC<\/td><\/tr><tr><td class=\"has-text-align-center\" data-align=\"center\">Transport z i do Hotelu<\/td><td class=\"has-text-align-center\" data-align=\"center\">Transport z i do Hotelu<\/td><td class=\"has-text-align-center\" data-align=\"center\">Transport z i do Hotelu<\/td><\/tr><tr><td class=\"has-text-align-center\" data-align=\"center\">\u0141uk \u015alubny<\/td><td class=\"has-text-align-center\" data-align=\"center\">\u0141uk \u015alubny<\/td><td class=\"has-text-align-center\" data-align=\"center\">\u0141uk \u015alubny<\/td><\/tr><tr><td class=\"has-text-align-center\" data-align=\"center\">Asysta koordynatora<\/td><td class=\"has-text-align-center\" data-align=\"center\">Asysta koordynatora<\/td><td class=\"has-text-align-center\" data-align=\"center\">Asysta koordynatora<\/td><\/tr><tr><td class=\"has-text-align-center\" data-align=\"center\">Napoje<\/td><td class=\"has-text-align-center\" data-align=\"center\">Napoje<\/td><td class=\"has-text-align-center\" data-align=\"center\">Napoje<\/td><\/tr><tr><td class=\"has-text-align-center\" data-align=\"center\">Szampan\/Wino Musuj\u0105ce<\/td><td class=\"has-text-align-center\" data-align=\"center\">Szampan\/Wino Musuj\u0105ce<\/td><td class=\"has-text-align-center\" data-align=\"center\">Szampan\/Wino Musuj\u0105ce<\/td><\/tr><tr><td class=\"has-text-align-center\" data-align=\"center\">Muzyka z CD<\/td><td class=\"has-text-align-center\" data-align=\"center\">Muzyka z CD<\/td><td class=\"has-text-align-center\" data-align=\"center\">Muzyka z CD<\/td><\/tr><tr><td class=\"has-text-align-center\" data-align=\"center\"><\/td><td class=\"has-text-align-center\" data-align=\"center\">Fotograf<\/td><td class=\"has-text-align-center\" data-align=\"center\">Fotograf<\/td><\/tr><tr><td class=\"has-text-align-center\" data-align=\"center\"><\/td><td class=\"has-text-align-center\" data-align=\"center\">Muzycy na \u017cywo<\/td><td class=\"has-text-align-center\" data-align=\"center\">Muzycy na \u017cywo<\/td><\/tr><tr><td class=\"has-text-align-center\" data-align=\"center\"><\/td><td class=\"has-text-align-center\" data-align=\"center\">Romantyczna kolacja dla dwojga<\/td><td class=\"has-text-align-center\" data-align=\"center\">Romantyczna kolacja dla dwojga<\/td><\/tr><tr><td class=\"has-text-align-center\" data-align=\"center\"><\/td><td class=\"has-text-align-center\" data-align=\"center\"><\/td><td class=\"has-text-align-center\" data-align=\"center\">3 Noclegi w Nadmorskim Resorci<\/td><\/tr><tr><td class=\"has-text-align-center\" data-align=\"center\"><\/td><td class=\"has-text-align-center\" data-align=\"center\"><\/td><td class=\"has-text-align-center\" data-align=\"center\"><\/td><\/tr><tr><td class=\"has-text-align-center\" data-align=\"center\"><strong>OPCJONALNIE:<\/strong><\/td><td class=\"has-text-align-center\" data-align=\"center\"><strong>OPCJONALNIE<\/strong>:<\/td><td class=\"has-text-align-center\" data-align=\"center\"><strong>OPCJONALNIE<\/strong>:<\/td><\/tr><tr><td class=\"has-text-align-center\" data-align=\"center\">Fotograf<\/td><td class=\"has-text-align-center\" data-align=\"center\">Nurkowanie<\/td><td class=\"has-text-align-center\" data-align=\"center\">Nurkowanie<\/td><\/tr><tr><td class=\"has-text-align-center\" data-align=\"center\">Muzycy<\/td><td class=\"has-text-align-center\" data-align=\"center\">Zwiedzanie<\/td><td class=\"has-text-align-center\" data-align=\"center\">Zwiedzanie<\/td><\/tr><tr><td class=\"has-text-align-center\" data-align=\"center\">Romantyczna kolacja dla dwojga<\/td><td class=\"has-text-align-center\" data-align=\"center\">Dzie\u0144&nbsp;na Prywatnej Wyspie<\/td><td class=\"has-text-align-center\" data-align=\"center\">Dzie\u0144&nbsp;na Prywatnej Wyspie<\/td><\/tr><tr><td class=\"has-text-align-center\" data-align=\"center\">Noclegi<\/td><td class=\"has-text-align-center\" data-align=\"center\">Odbi\u00f3r z Lotniska Belize\/Cancun<\/td><td class=\"has-text-align-center\" data-align=\"center\">Odbi\u00f3r z Lotniska Belize\/Cancun<\/td><\/tr><tr><td class=\"has-text-align-center\" data-align=\"center\">Nurkowanie<\/td><td class=\"has-text-align-center\" data-align=\"center\"><\/td><td class=\"has-text-align-center\" data-align=\"center\"><\/td><\/tr><tr><td class=\"has-text-align-center\" data-align=\"center\">Zwiedzanie<\/td><td class=\"has-text-align-center\" data-align=\"center\"><\/td><td class=\"has-text-align-center\" data-align=\"center\"><\/td><\/tr><tr><td class=\"has-text-align-center\" data-align=\"center\">Dzie\u0144&nbsp;na Prywatnej Wyspie<\/td><td class=\"has-text-align-center\" data-align=\"center\"><\/td><td class=\"has-text-align-center\" data-align=\"center\"><\/td><\/tr><tr><td class=\"has-text-align-center\" data-align=\"center\">Odbi\u00f3r z Lotniska Belize\/Cancun<\/td><td class=\"has-text-align-center\" data-align=\"center\"><\/td><td class=\"has-text-align-center\" data-align=\"center\"><\/td><\/tr><\/tbody><\/table><\/figure>\n\n\n\n<p>*Oferta nie uwzgl\u0119dnia bilet\u00f3w lotniczych. <\/p>\n\n\n\n<div class=\"wp-block-buttons is-content-justification-center is-layout-flex wp-container-core-buttons-is-layout-a89b3969 wp-block-buttons-is-layout-flex\">\n<div class=\"wp-block-button is-style-fill\"><a class=\"wp-block-button__link has-text-align-center wp-element-button\" href=\"https:\/\/weselenakaraibach.pl\/?page_id=19442\"><strong>Zapraszamy Do Kontaktu<\/strong><\/a><\/div>\n<\/div>\n\n\n\n<p><\/p>\n","protected":false},"excerpt":{"rendered":"<p>\u015aLUB NA KARAIBSKIEJ PLA\u017bY OD 2950 USD \u015alub na karaibskiej pla\u017cy w Belize to spe\u0142nienie marze\u0144 wielu par, kt\u00f3re pragn\u0105 powiedzie\u0107 sobie \u201etak\u201d w wyj\u0105tkowej, malowniczej scenerii. Morze Karaibskie, mi\u0119kki piasek i romantyczna atmosfera sprawiaj\u0105, \u017ce ka\u017cda uroczysto\u015b\u0107 staje si\u0119 niezapomnianym prze\u017cyciem. Przygotowania do \u015blubu cywilnego w takim miejscu wymagaj\u0105 jednak dok\u0142adnego planowania \u2013 od [&hellip;]<\/p>\n","protected":false},"author":1,"featured_media":0,"parent":0,"menu_order":0,"comment_status":"closed","ping_status":"closed","template":"","meta":{"_monsterinsights_skip_tracking":false,"_monsterinsights_sitenote_active":false,"_monsterinsights_sitenote_note":"","_monsterinsights_sitenote_category":0,"footnotes":""},"class_list":["post-19597","page","type-page","status-publish","hentry"],"aioseo_notices":[],"_links":{"self":[{"href":"https:\/\/weselenakaraibach.pl\/index.php?rest_route=\/wp\/v2\/pages\/19597","targetHints":{"allow":["GET"]}}],"collection":[{"href":"https:\/\/weselenakaraibach.pl\/index.php?rest_route=\/wp\/v2\/pages"}],"about":[{"href":"https:\/\/weselenakaraibach.pl\/index.php?rest_route=\/wp\/v2\/types\/page"}],"author":[{"embeddable":true,"href":"https:\/\/weselenakaraibach.pl\/index.php?rest_route=\/wp\/v2\/users\/1"}],"replies":[{"embeddable":true,"href":"https:\/\/weselenakaraibach.pl\/index.php?rest_route=%2Fwp%2Fv2%2Fcomments&post=19597"}],"version-history":[{"count":7,"href":"https:\/\/weselenakaraibach.pl\/index.php?rest_route=\/wp\/v2\/pages\/19597\/revisions"}],"predecessor-version":[{"id":19622,"href":"https:\/\/weselenakaraibach.pl\/index.php?rest_route=\/wp\/v2\/pages\/19597\/revisions\/19622"}],"wp:attachment":[{"href":"https:\/\/weselenakaraibach.pl\/index.php?rest_route=%2Fwp%2Fv2%2Fmedia&parent=19597"}],"curies":[{"name":"wp","href":"https:\/\/api.w.org\/{rel}","templated":true}]}}