{"id":19440,"date":"2025-12-15T15:57:17","date_gmt":"2025-12-15T14:57:17","guid":{"rendered":"http:\/\/weselenakaraibach.pl\/?page_id=19440"},"modified":"2026-02-06T03:42:08","modified_gmt":"2026-02-06T02:42:08","slug":"oferta","status":"publish","type":"page","link":"https:\/\/weselenakaraibach.pl\/?page_id=19440","title":{"rendered":"Pakiety"},"content":{"rendered":"\n<h2 class=\"wp-block-heading has-text-align-center sec-main-heading wow fadeInLeft has-heading-color has-text-color has-link-color has-italiana-font-family wp-elements-ea38a877d9e921e86d3386760e3661d8\" style=\"margin-top:0;margin-bottom:0;font-size:26px;font-style:normal;font-weight:400\">PAKIETY<\/h2>\n\n\n\n<p class=\"has-text-align-center wow fadeInLeft has-heading-color has-text-color has-link-color has-jost-font-family wp-elements-94d6fccd28150f8b2fd19488607e4597\" style=\"margin-top:0;margin-bottom:0;font-size:16px;font-style:normal;font-weight:300\">Zapraszamy do wyboru interesuj\u0105cego Was pakietu:<\/p>\n\n\n\n<div class=\"wp-block-columns is-layout-flex wp-container-core-columns-is-layout-28f84493 wp-block-columns-is-layout-flex\">\n<div class=\"wp-block-column is-layout-flow wp-block-column-is-layout-flow\">\n<div class=\"wp-block-cover\"><img fetchpriority=\"high\" decoding=\"async\" width=\"576\" height=\"1024\" class=\"wp-block-cover__image-background wp-image-19577\" alt=\"slub na karaibach, slub za granica, \u015blub na pla\u017cy, wesele, \u015blub, wesele na pla\u017cy, wedding organizator wedding planner\" src=\"http:\/\/weselenakaraibach.pl\/wp-content\/uploads\/2026\/02\/best-beach-wedding-edited-576x1024.jpeg\" data-object-fit=\"cover\" srcset=\"https:\/\/weselenakaraibach.pl\/wp-content\/uploads\/2026\/02\/best-beach-wedding-edited-576x1024.jpeg 576w, https:\/\/weselenakaraibach.pl\/wp-content\/uploads\/2026\/02\/best-beach-wedding-edited-169x300.jpeg 169w, https:\/\/weselenakaraibach.pl\/wp-content\/uploads\/2026\/02\/best-beach-wedding-edited-600x1067.jpeg 600w, https:\/\/weselenakaraibach.pl\/wp-content\/uploads\/2026\/02\/best-beach-wedding-edited.jpeg 675w\" sizes=\"(max-width: 576px) 100vw, 576px\" \/><span aria-hidden=\"true\" class=\"wp-block-cover__background has-background-dim\"><\/span><div class=\"wp-block-cover__inner-container is-layout-flow wp-block-cover-is-layout-flow\">\n<p class=\"has-text-align-center has-large-font-size\"><a href=\"https:\/\/weselenakaraibach.pl\/?page_id=19597\" title=\"\">SLUB NA PLAZY<\/a><\/p>\n<\/div><\/div>\n<\/div>\n\n\n\n<div class=\"wp-block-column is-layout-flow wp-block-column-is-layout-flow\">\n<div class=\"wp-block-cover\"><img decoding=\"async\" width=\"576\" height=\"1024\" class=\"wp-block-cover__image-background wp-image-19590\" alt=\"Slub na karaibach, wesele na jachcie, \u015blub na wyspie, \u015blub za granic\u0105, \u015blub na pla\u017cy, \u015blub na karaibach\" src=\"http:\/\/weselenakaraibach.pl\/wp-content\/uploads\/2026\/02\/135029962_146031957286669_1925451628344998127_n-edited-576x1024.jpg\" data-object-fit=\"cover\" srcset=\"https:\/\/weselenakaraibach.pl\/wp-content\/uploads\/2026\/02\/135029962_146031957286669_1925451628344998127_n-edited-576x1024.jpg 576w, https:\/\/weselenakaraibach.pl\/wp-content\/uploads\/2026\/02\/135029962_146031957286669_1925451628344998127_n-edited-169x300.jpg 169w, https:\/\/weselenakaraibach.pl\/wp-content\/uploads\/2026\/02\/135029962_146031957286669_1925451628344998127_n-edited-600x1066.jpg 600w, https:\/\/weselenakaraibach.pl\/wp-content\/uploads\/2026\/02\/135029962_146031957286669_1925451628344998127_n-edited.jpg 608w\" sizes=\"(max-width: 576px) 100vw, 576px\" \/><span aria-hidden=\"true\" class=\"wp-block-cover__background has-background-dim\"><\/span><div class=\"wp-block-cover__inner-container is-layout-flow wp-block-cover-is-layout-flow\">\n<p class=\"has-text-align-center has-large-font-size\"><a href=\"https:\/\/weselenakaraibach.pl\/?page_id=19636\" title=\"\">SLUB NA PRYWATNEJ WYSPIE<\/a><\/p>\n<\/div><\/div>\n<\/div>\n\n\n\n<div class=\"wp-block-column is-layout-flow wp-block-column-is-layout-flow\">\n<div class=\"wp-block-cover\"><img decoding=\"async\" width=\"576\" height=\"1024\" class=\"wp-block-cover__image-background wp-image-19585\" alt=\"slub na karaibach, slub za granica, \u015blub na pla\u017cy, wesele, \u015blub, wesele na pla\u017cy, wedding organizator wedding planner\" src=\"http:\/\/weselenakaraibach.pl\/wp-content\/uploads\/2026\/02\/ChatGPT-Image-Feb-3-2026-at-07_07_30-PM-edited.png\" data-object-fit=\"cover\" srcset=\"https:\/\/weselenakaraibach.pl\/wp-content\/uploads\/2026\/02\/ChatGPT-Image-Feb-3-2026-at-07_07_30-PM-edited.png 576w, https:\/\/weselenakaraibach.pl\/wp-content\/uploads\/2026\/02\/ChatGPT-Image-Feb-3-2026-at-07_07_30-PM-edited-169x300.png 169w\" sizes=\"(max-width: 576px) 100vw, 576px\" \/><span aria-hidden=\"true\" class=\"wp-block-cover__background has-background-dim\"><\/span><div class=\"wp-block-cover__inner-container is-layout-flow wp-block-cover-is-layout-flow\">\n<p class=\"has-text-align-center has-site-title-font-size\"><a href=\"https:\/\/weselenakaraibach.pl\/?page_id=19644\" title=\"\">SLUB PRZY PIRAMIDACH MAJ\u00d3W<\/a><\/p>\n<\/div><\/div>\n<\/div>\n\n\n\n<div class=\"wp-block-column is-layout-flow wp-block-column-is-layout-flow\">\n<div class=\"wp-block-cover\"><img loading=\"lazy\" decoding=\"async\" width=\"504\" height=\"896\" class=\"wp-block-cover__image-background wp-image-19586\" alt=\"slub na karaibach, slub za granica, \u015blub na pla\u017cy, wesele, \u015blub, wesele na pla\u017cy, wedding organizator wedding planner\" src=\"http:\/\/weselenakaraibach.pl\/wp-content\/uploads\/2026\/02\/organiser-une-ceremonie-de-mariage-sur-un-catamaran-a-l26rsquo3Bile-maurice-e1770166895596-edited.jpg\" data-object-fit=\"cover\" srcset=\"https:\/\/weselenakaraibach.pl\/wp-content\/uploads\/2026\/02\/organiser-une-ceremonie-de-mariage-sur-un-catamaran-a-l26rsquo3Bile-maurice-e1770166895596-edited.jpg 504w, https:\/\/weselenakaraibach.pl\/wp-content\/uploads\/2026\/02\/organiser-une-ceremonie-de-mariage-sur-un-catamaran-a-l26rsquo3Bile-maurice-e1770166895596-edited-169x300.jpg 169w\" sizes=\"(max-width: 504px) 100vw, 504px\" \/><span aria-hidden=\"true\" class=\"wp-block-cover__background has-background-dim\"><\/span><div class=\"wp-block-cover__inner-container is-layout-flow wp-block-cover-is-layout-flow\">\n<p class=\"has-text-align-center has-large-font-size\"><a href=\"https:\/\/weselenakaraibach.pl\/?page_id=19650\" title=\"\">SLUB NA JACHCIE<\/a><\/p>\n<\/div><\/div>\n<\/div>\n<\/div>\n\n\n\n<p><\/p>\n","protected":false},"excerpt":{"rendered":"<p>PAKIETY Zapraszamy do wyboru interesuj\u0105cego Was pakietu:<\/p>\n","protected":false},"author":2,"featured_media":0,"parent":0,"menu_order":0,"comment_status":"closed","ping_status":"closed","template":"","meta":{"_monsterinsights_skip_tracking":false,"_monsterinsights_sitenote_active":false,"_monsterinsights_sitenote_note":"","_monsterinsights_sitenote_category":0,"footnotes":""},"class_list":["post-19440","page","type-page","status-publish","hentry"],"aioseo_notices":[],"_links":{"self":[{"href":"https:\/\/weselenakaraibach.pl\/index.php?rest_route=\/wp\/v2\/pages\/19440","targetHints":{"allow":["GET"]}}],"collection":[{"href":"https:\/\/weselenakaraibach.pl\/index.php?rest_route=\/wp\/v2\/pages"}],"about":[{"href":"https:\/\/weselenakaraibach.pl\/index.php?rest_route=\/wp\/v2\/types\/page"}],"author":[{"embeddable":true,"href":"https:\/\/weselenakaraibach.pl\/index.php?rest_route=\/wp\/v2\/users\/2"}],"replies":[{"embeddable":true,"href":"https:\/\/weselenakaraibach.pl\/index.php?rest_route=%2Fwp%2Fv2%2Fcomments&post=19440"}],"version-history":[{"count":19,"href":"https:\/\/weselenakaraibach.pl\/index.php?rest_route=\/wp\/v2\/pages\/19440\/revisions"}],"predecessor-version":[{"id":19654,"href":"https:\/\/weselenakaraibach.pl\/index.php?rest_route=\/wp\/v2\/pages\/19440\/revisions\/19654"}],"wp:attachment":[{"href":"https:\/\/weselenakaraibach.pl\/index.php?rest_route=%2Fwp%2Fv2%2Fmedia&parent=19440"}],"curies":[{"name":"wp","href":"https:\/\/api.w.org\/{rel}","templated":true}]}}