{"id":19438,"date":"2025-12-15T15:56:52","date_gmt":"2025-12-15T14:56:52","guid":{"rendered":"http:\/\/weselenakaraibach.pl\/?page_id=19438"},"modified":"2026-02-07T02:28:43","modified_gmt":"2026-02-07T01:28:43","slug":"o-nas","status":"publish","type":"page","link":"https:\/\/weselenakaraibach.pl\/?page_id=19438","title":{"rendered":"O nas"},"content":{"rendered":"\n<figure class=\"wp-block-image size-full\"><img decoding=\"async\" src=\"http:\/\/weselenakaraibach.pl\/wp-content\/uploads\/2026\/02\/IMG_6352-copy.heic\" alt=\"Slub na jachcie na Karaibach Slub na Karaibach, \u015alub w Belize, Wesele na prywatnej wyspie, \u015blub na jachcie, rafa koralowa\" class=\"wp-image-19689\"\/><\/figure>\n\n\n\n<p>Cz\u0119\u015b\u0107 naszego zespo\u0142u mieszka na sta\u0142e w Belize, a cz\u0119\u015b\u0107 pracuje w Polsce, w Warszawie. Dzi\u0119ki temu jeste\u015bmy blisko Was zar\u00f3wno na etapie planowania, jak i ju\u017c na miejscu, dbaj\u0105c o ka\u017cdy szczeg\u00f3\u0142 Waszego pobytu i ceremonii.<strong> Jeste\u015bmy w stanie spotka\u0107 si\u0119 z Wami w Warszawie, a tak\u017ce w pe\u0142ni zaopiekowa\u0107 si\u0119 Wami na Karaibach.<\/strong><\/p>\n\n\n\n<p><strong>Wieloletnie do\u015bwiadczenie naszej ekipy w organizowaniu event\u00f3w <\/strong>daje nam pewno\u015b\u0107, \u017ce wszystko zostanie przygotowane perfekcyjnie, a Wy b\u0119dziecie mogli w pe\u0142ni cieszy\u0107 si\u0119 swoim wyj\u0105tkowym dniem.<\/p>\n\n\n\n<p><strong>Jeste\u015bmy zakochani w Belize <\/strong>\u2013 prowadzimy tu biznes, prowadzimy fanpage o \u017cyciu w Belize, a dzi\u0119ki ponad 10-letniemu do\u015bwiadczeniu w tym kraju cz\u0119\u015b\u0107 naszego zespo\u0142u zna Belize na wylot. Mamy doskona\u0142e kontakty w wi\u0119kszo\u015bci miejsc, w tym r\u00f3wnie\u017c w kwestiach formalnych, np. przy za\u0142atwianiu dokument\u00f3w niezb\u0119dnych do \u015blubu.<\/p>\n\n\n\n<p class=\"has-text-align-center\">Masz pytania? <\/p>\n\n\n\n<div class=\"wp-block-buttons is-content-justification-center is-layout-flex wp-container-core-buttons-is-layout-a89b3969 wp-block-buttons-is-layout-flex\">\n<div class=\"wp-block-button\"><a class=\"wp-block-button__link has-text-align-center wp-element-button\" href=\"https:\/\/weselenakaraibach.pl\/?page_id=19442\">Skontaktuj Si\u0119 Z Nami<\/a><\/div>\n<\/div>\n\n\n\n<figure class=\"wp-block-image size-large\"><img fetchpriority=\"high\" decoding=\"async\" width=\"1024\" height=\"768\" src=\"http:\/\/weselenakaraibach.pl\/wp-content\/uploads\/2026\/02\/DJI_0200-copy-1024x768.jpg\" alt=\"o nas\" class=\"wp-image-19692\" srcset=\"https:\/\/weselenakaraibach.pl\/wp-content\/uploads\/2026\/02\/DJI_0200-copy-1024x768.jpg 1024w, https:\/\/weselenakaraibach.pl\/wp-content\/uploads\/2026\/02\/DJI_0200-copy-300x225.jpg 300w, https:\/\/weselenakaraibach.pl\/wp-content\/uploads\/2026\/02\/DJI_0200-copy-768x576.jpg 768w, https:\/\/weselenakaraibach.pl\/wp-content\/uploads\/2026\/02\/DJI_0200-copy-1536x1152.jpg 1536w, https:\/\/weselenakaraibach.pl\/wp-content\/uploads\/2026\/02\/DJI_0200-copy-2048x1536.jpg 2048w, https:\/\/weselenakaraibach.pl\/wp-content\/uploads\/2026\/02\/DJI_0200-copy-600x450.jpg 600w\" sizes=\"(max-width: 1024px) 100vw, 1024px\" \/><\/figure>\n","protected":false},"excerpt":{"rendered":"<p>Cz\u0119\u015b\u0107 naszego zespo\u0142u mieszka na sta\u0142e w Belize, a cz\u0119\u015b\u0107 pracuje w Polsce, w Warszawie. Dzi\u0119ki temu jeste\u015bmy blisko Was zar\u00f3wno na etapie planowania, jak i ju\u017c na miejscu, dbaj\u0105c o ka\u017cdy szczeg\u00f3\u0142 Waszego pobytu i ceremonii. Jeste\u015bmy w stanie spotka\u0107 si\u0119 z Wami w Warszawie, a tak\u017ce w pe\u0142ni zaopiekowa\u0107 si\u0119 Wami na Karaibach. [&hellip;]<\/p>\n","protected":false},"author":2,"featured_media":0,"parent":0,"menu_order":0,"comment_status":"closed","ping_status":"closed","template":"","meta":{"_monsterinsights_skip_tracking":false,"_monsterinsights_sitenote_active":false,"_monsterinsights_sitenote_note":"","_monsterinsights_sitenote_category":0,"footnotes":""},"class_list":["post-19438","page","type-page","status-publish","hentry"],"aioseo_notices":[],"_links":{"self":[{"href":"https:\/\/weselenakaraibach.pl\/index.php?rest_route=\/wp\/v2\/pages\/19438","targetHints":{"allow":["GET"]}}],"collection":[{"href":"https:\/\/weselenakaraibach.pl\/index.php?rest_route=\/wp\/v2\/pages"}],"about":[{"href":"https:\/\/weselenakaraibach.pl\/index.php?rest_route=\/wp\/v2\/types\/page"}],"author":[{"embeddable":true,"href":"https:\/\/weselenakaraibach.pl\/index.php?rest_route=\/wp\/v2\/users\/2"}],"replies":[{"embeddable":true,"href":"https:\/\/weselenakaraibach.pl\/index.php?rest_route=%2Fwp%2Fv2%2Fcomments&post=19438"}],"version-history":[{"count":4,"href":"https:\/\/weselenakaraibach.pl\/index.php?rest_route=\/wp\/v2\/pages\/19438\/revisions"}],"predecessor-version":[{"id":19709,"href":"https:\/\/weselenakaraibach.pl\/index.php?rest_route=\/wp\/v2\/pages\/19438\/revisions\/19709"}],"wp:attachment":[{"href":"https:\/\/weselenakaraibach.pl\/index.php?rest_route=%2Fwp%2Fv2%2Fmedia&parent=19438"}],"curies":[{"name":"wp","href":"https:\/\/api.w.org\/{rel}","templated":true}]}}